{"id":36784,"date":"2022-08-24T18:39:55","date_gmt":"2022-08-24T23:39:55","guid":{"rendered":"https:\/\/xavierquimi.com\/?page_id=36784"},"modified":"2022-08-24T18:39:55","modified_gmt":"2022-08-24T23:39:55","slug":"formacion","status":"publish","type":"page","link":"https:\/\/xavierquimi.com\/en\/formacion\/","title":{"rendered":"formacion"},"content":{"rendered":"","protected":false},"excerpt":{"rendered":"","protected":false},"author":1,"featured_media":0,"parent":0,"menu_order":0,"comment_status":"closed","ping_status":"closed","template":"","meta":{"footnotes":""},"class_list":["post-36784","page","type-page","status-publish"],"yoast_head":"<!-- This site is optimized with the Yoast SEO Premium plugin v18.4 (Yoast SEO v27.4) - https:\/\/yoast.com\/product\/yoast-seo-premium-wordpress\/ -->\n<title>formacion | Xavier Quim\u00ed<\/title>\n<meta name=\"robots\" content=\"index, follow, max-snippet:-1, max-image-preview:large, max-video-preview:-1\" \/>\n<link rel=\"canonical\" href=\"https:\/\/xavierquimi.com\/en\/formacion\/\" \/>\n<meta property=\"og:locale\" content=\"en_US\" \/>\n<meta property=\"og:type\" content=\"article\" \/>\n<meta property=\"og:title\" content=\"formacion\" \/>\n<meta property=\"og:url\" content=\"https:\/\/xavierquimi.com\/en\/formacion\/\" \/>\n<meta property=\"og:site_name\" content=\"Xavier Quim\u00ed\" \/>\n<meta property=\"article:publisher\" content=\"https:\/\/www.facebook.com\/xavierquimic\" \/>\n<meta name=\"twitter:card\" content=\"summary_large_image\" \/>\n<meta name=\"twitter:site\" content=\"@sxquimi\" \/>\n<script type=\"application\/ld+json\" class=\"yoast-schema-graph\">{\"@context\":\"https:\\\/\\\/schema.org\",\"@graph\":[{\"@type\":\"WebPage\",\"@id\":\"https:\\\/\\\/xavierquimi.com\\\/formacion\\\/\",\"url\":\"https:\\\/\\\/xavierquimi.com\\\/formacion\\\/\",\"name\":\"formacion | Xavier Quim\u00ed\",\"isPartOf\":{\"@id\":\"https:\\\/\\\/xavierquimi.com\\\/#website\"},\"datePublished\":\"2022-08-24T23:39:55+00:00\",\"breadcrumb\":{\"@id\":\"https:\\\/\\\/xavierquimi.com\\\/formacion\\\/#breadcrumb\"},\"inLanguage\":\"en-US\",\"potentialAction\":[{\"@type\":\"ReadAction\",\"target\":[\"https:\\\/\\\/xavierquimi.com\\\/formacion\\\/\"]}]},{\"@type\":\"BreadcrumbList\",\"@id\":\"https:\\\/\\\/xavierquimi.com\\\/formacion\\\/#breadcrumb\",\"itemListElement\":[{\"@type\":\"ListItem\",\"position\":1,\"name\":\"Portada\",\"item\":\"https:\\\/\\\/xavierquimi.com\\\/\"},{\"@type\":\"ListItem\",\"position\":2,\"name\":\"formacion\"}]},{\"@type\":\"WebSite\",\"@id\":\"https:\\\/\\\/xavierquimi.com\\\/#website\",\"url\":\"https:\\\/\\\/xavierquimi.com\\\/\",\"name\":\"Xavier Quim\u00ed\",\"description\":\"Estrategias para Negocios Online.\",\"publisher\":{\"@id\":\"https:\\\/\\\/xavierquimi.com\\\/#\\\/schema\\\/person\\\/1b1d557cb0e54d87de2102227fbe83ff\"},\"potentialAction\":[{\"@type\":\"SearchAction\",\"target\":{\"@type\":\"EntryPoint\",\"urlTemplate\":\"https:\\\/\\\/xavierquimi.com\\\/?s={search_term_string}\"},\"query-input\":{\"@type\":\"PropertyValueSpecification\",\"valueRequired\":true,\"valueName\":\"search_term_string\"}}],\"inLanguage\":\"en-US\"},{\"@type\":[\"Person\",\"Organization\"],\"@id\":\"https:\\\/\\\/xavierquimi.com\\\/#\\\/schema\\\/person\\\/1b1d557cb0e54d87de2102227fbe83ff\",\"name\":\"Xavier Quim\u00ed Ca\u00f1arte\",\"image\":{\"@type\":\"ImageObject\",\"inLanguage\":\"en-US\",\"@id\":\"https:\\\/\\\/xavierquimi.com\\\/wp-content\\\/uploads\\\/2020\\\/12\\\/xavierquimi-200px.jpg\",\"url\":\"https:\\\/\\\/xavierquimi.com\\\/wp-content\\\/uploads\\\/2020\\\/12\\\/xavierquimi-200px.jpg\",\"contentUrl\":\"https:\\\/\\\/xavierquimi.com\\\/wp-content\\\/uploads\\\/2020\\\/12\\\/xavierquimi-200px.jpg\",\"width\":200,\"height\":229,\"caption\":\"Xavier Quim\u00ed Ca\u00f1arte\"},\"logo\":{\"@id\":\"https:\\\/\\\/xavierquimi.com\\\/wp-content\\\/uploads\\\/2020\\\/12\\\/xavierquimi-200px.jpg\"},\"description\":\"Dise\u00f1o sistemas de crecimiento donde experiencia, datos y automatizaci\u00f3n se convierten en decisiones claras y resultados medibles. Si este art\u00edculo te hizo replantear c\u00f3mo est\u00e1s dise\u00f1ando tus experiencias, conversemos.\",\"sameAs\":[\"https:\\\/\\\/xavierquimi.com\",\"https:\\\/\\\/www.facebook.com\\\/xavierquimic\",\"https:\\\/\\\/www.linkedin.com\\\/in\\\/xavierquimi\\\/\",\"https:\\\/\\\/x.com\\\/@sxquimi\"]}]}<\/script>\n<!-- \/ Yoast SEO Premium plugin. -->","yoast_head_json":{"title":"formacion | Xavier Quim\u00ed","robots":{"index":"index","follow":"follow","max-snippet":"max-snippet:-1","max-image-preview":"max-image-preview:large","max-video-preview":"max-video-preview:-1"},"canonical":"https:\/\/xavierquimi.com\/en\/formacion\/","og_locale":"en_US","og_type":"article","og_title":"formacion","og_url":"https:\/\/xavierquimi.com\/en\/formacion\/","og_site_name":"Xavier Quim\u00ed","article_publisher":"https:\/\/www.facebook.com\/xavierquimic","twitter_card":"summary_large_image","twitter_site":"@sxquimi","schema":{"@context":"https:\/\/schema.org","@graph":[{"@type":"WebPage","@id":"https:\/\/xavierquimi.com\/formacion\/","url":"https:\/\/xavierquimi.com\/formacion\/","name":"formacion | Xavier Quim\u00ed","isPartOf":{"@id":"https:\/\/xavierquimi.com\/#website"},"datePublished":"2022-08-24T23:39:55+00:00","breadcrumb":{"@id":"https:\/\/xavierquimi.com\/formacion\/#breadcrumb"},"inLanguage":"en-US","potentialAction":[{"@type":"ReadAction","target":["https:\/\/xavierquimi.com\/formacion\/"]}]},{"@type":"BreadcrumbList","@id":"https:\/\/xavierquimi.com\/formacion\/#breadcrumb","itemListElement":[{"@type":"ListItem","position":1,"name":"Portada","item":"https:\/\/xavierquimi.com\/"},{"@type":"ListItem","position":2,"name":"formacion"}]},{"@type":"WebSite","@id":"https:\/\/xavierquimi.com\/#website","url":"https:\/\/xavierquimi.com\/","name":"Xavier Quim\u00ed","description":"Estrategias para Negocios Online.","publisher":{"@id":"https:\/\/xavierquimi.com\/#\/schema\/person\/1b1d557cb0e54d87de2102227fbe83ff"},"potentialAction":[{"@type":"SearchAction","target":{"@type":"EntryPoint","urlTemplate":"https:\/\/xavierquimi.com\/?s={search_term_string}"},"query-input":{"@type":"PropertyValueSpecification","valueRequired":true,"valueName":"search_term_string"}}],"inLanguage":"en-US"},{"@type":["Person","Organization"],"@id":"https:\/\/xavierquimi.com\/#\/schema\/person\/1b1d557cb0e54d87de2102227fbe83ff","name":"Xavier Quim\u00ed Ca\u00f1arte","image":{"@type":"ImageObject","inLanguage":"en-US","@id":"https:\/\/xavierquimi.com\/wp-content\/uploads\/2020\/12\/xavierquimi-200px.jpg","url":"https:\/\/xavierquimi.com\/wp-content\/uploads\/2020\/12\/xavierquimi-200px.jpg","contentUrl":"https:\/\/xavierquimi.com\/wp-content\/uploads\/2020\/12\/xavierquimi-200px.jpg","width":200,"height":229,"caption":"Xavier Quim\u00ed Ca\u00f1arte"},"logo":{"@id":"https:\/\/xavierquimi.com\/wp-content\/uploads\/2020\/12\/xavierquimi-200px.jpg"},"description":"Dise\u00f1o sistemas de crecimiento donde experiencia, datos y automatizaci\u00f3n se convierten en decisiones claras y resultados medibles. Si este art\u00edculo te hizo replantear c\u00f3mo est\u00e1s dise\u00f1ando tus experiencias, conversemos.","sameAs":["https:\/\/xavierquimi.com","https:\/\/www.facebook.com\/xavierquimic","https:\/\/www.linkedin.com\/in\/xavierquimi\/","https:\/\/x.com\/@sxquimi"]}]}},"_links":{"self":[{"href":"https:\/\/xavierquimi.com\/en\/wp-json\/wp\/v2\/pages\/36784","targetHints":{"allow":["GET"]}}],"collection":[{"href":"https:\/\/xavierquimi.com\/en\/wp-json\/wp\/v2\/pages"}],"about":[{"href":"https:\/\/xavierquimi.com\/en\/wp-json\/wp\/v2\/types\/page"}],"author":[{"embeddable":true,"href":"https:\/\/xavierquimi.com\/en\/wp-json\/wp\/v2\/users\/1"}],"replies":[{"embeddable":true,"href":"https:\/\/xavierquimi.com\/en\/wp-json\/wp\/v2\/comments?post=36784"}],"version-history":[{"count":0,"href":"https:\/\/xavierquimi.com\/en\/wp-json\/wp\/v2\/pages\/36784\/revisions"}],"wp:attachment":[{"href":"https:\/\/xavierquimi.com\/en\/wp-json\/wp\/v2\/media?parent=36784"}],"curies":[{"name":"wp","href":"https:\/\/api.w.org\/{rel}","templated":true}]}}