{"id":36718,"date":"2022-08-23T22:32:46","date_gmt":"2022-08-24T03:32:46","guid":{"rendered":"https:\/\/xavierquimi.com\/?page_id=36718"},"modified":"2026-04-19T21:48:33","modified_gmt":"2026-04-20T02:48:33","slug":"plan-estrategico-comunicacion-puv","status":"publish","type":"page","link":"https:\/\/xavierquimi.com\/en\/muchas-gracias\/plan-estrategico-comunicacion-puv\/","title":{"rendered":"Gracias por descargar la guia para  mejorar tu propuesta \u00fanica de valor"},"content":{"rendered":"<div class=\"wpb-content-wrapper\"><div class=\"vc_row-full-width-before\"><\/div><div id=\"vc_row-69f4eb6989707\" data-vc-full-width=\"true\" data-vc-full-width-init=\"false\" class=\"vc_row wpb_row vc_row-fluid vc_custom_1661375512584 thegem-custom-69f4eb69896f23273 vc_row-has-fill\"><script type=\"text\/javascript\">if (typeof(gem_fix_fullwidth_position) == \"function\") { gem_fix_fullwidth_position(document.getElementById(\"vc_row-69f4eb6989707\")); }<\/script><style>@media screen and (max-width: 1023px) {.thegem-custom-69f4eb69896f23273.wpb_row {padding-left: 0px !important;}}@media screen and (max-width: 767px) {.thegem-custom-69f4eb69896f23273.wpb_row {padding-left: 0px !important;}}@media screen and (max-width: 1023px) {.thegem-custom-69f4eb69896f23273.wpb_row {padding-right: 0px !important;}}@media screen and (max-width: 767px) {.thegem-custom-69f4eb69896f23273.wpb_row {padding-right: 0px !important;}}<\/style><div class=\"wpb_column vc_column_container vc_col-sm-12 thegem-custom-69f4eb69898f68479\" ><div class=\"vc_column-inner thegem-custom-inner-69f4eb69898f7 \"><div class=\"wpb_wrapper thegem-custom-69f4eb69898f68479\">\r\n\t\r\n\t\t<div class=\"wpb_text_column wpb_content_element  thegem-vc-text thegem-custom-69f4eb6989a836986\"  >\r\n\t\t\t<div class=\"wpb_wrapper\">\r\n\t\t\t\t<div class=\"title-h1\">\u00a1Eso es todo!<\/div>\n\r\n\t\t\t<\/div>\r\n\t\t\t<style>@media screen and (max-width: 1023px) {.thegem-vc-text.thegem-custom-69f4eb6989a836986{display: block!important;}}@media screen and (max-width: 767px) {.thegem-vc-text.thegem-custom-69f4eb6989a836986{display: block!important;}}@media screen and (max-width: 1023px) {.thegem-vc-text.thegem-custom-69f4eb6989a836986{position: relative !important;}}@media screen and (max-width: 767px) {.thegem-vc-text.thegem-custom-69f4eb6989a836986{position: relative !important;}}<\/style>\r\n\t\t<\/div>\r\n\t\r\n\r\n\t\r\n\t\t<div class=\"wpb_text_column wpb_content_element  thegem-vc-text thegem-custom-69f4eb6989b506364\"  >\r\n\t\t\t<div class=\"wpb_wrapper\">\r\n\t\t\t\t<p>Accede enseguida a tu gu\u00eda completa para mejorar tu propuesta \u00fanica de valor\u00a0 \u00fanica cuando amerite.<\/p>\n\r\n\t\t\t<\/div>\r\n\t\t\t<style>@media screen and (max-width: 1023px) {.thegem-vc-text.thegem-custom-69f4eb6989b506364{display: block!important;}}@media screen and (max-width: 767px) {.thegem-vc-text.thegem-custom-69f4eb6989b506364{display: block!important;}}@media screen and (max-width: 1023px) {.thegem-vc-text.thegem-custom-69f4eb6989b506364{position: relative !important;}}@media screen and (max-width: 767px) {.thegem-vc-text.thegem-custom-69f4eb6989b506364{position: relative !important;}}<\/style>\r\n\t\t<\/div>\r\n\t\r\n<div class=\"vc_row wpb_row vc_inner vc_row-fluid thegem-custom-69f4eb6989d1c1688 custom-inner-column-69f4eb6989d20\" ><div class=\"wpb_column vc_column_container vc_col-sm-6 thegem-custom-69f4eb6989e9c5954\"><div class=\"vc_column-inner thegem-custom-inner-69f4eb6989e9d \"><div class=\"wpb_wrapper thegem-custom-69f4eb6989e9c5954\"><div class=\"gem-textbox  gem-interactions-enabled\"   data-mouse_effects=\"yes\" data-mouse_effects_direction=\"-1\" data-mouse_effects_speed=\"0.3\" ><div class=\"gem-textbox-inner\" style=\"border: 1px solid #cecece;\"><div class=\"gem-textbox-title\" style=\"background-color: #dca000;padding-top: 3px;padding-bottom: 7px;\"><\/div><div class=\"gem-textbox-content\" style=\"background-color: #ffffff;background-position: center top;padding-top: 55px;padding-bottom: 36px;\">\r\n\t\r\n\t<div  class=\"wpb_single_image wpb_content_element vc_align_center\" >\r\n\t\t\r\n\t\t<figure class=\"wpb_wrapper vc_figure\">\r\n\t\t\t<div class=\"vc_single_image-wrapper   vc_box_border_grey\"><img width=\"300\" height=\"233\" src=\"https:\/\/xavierquimi.com\/wp-content\/uploads\/2022\/08\/img-oferta-guia-propuesta-unica-valor.png\" class=\"vc_single_image-img attachment-full\" alt=\"\" title=\"img-oferta-guia-propuesta-unica-valor\" srcset=\"https:\/\/xavierquimi.com\/wp-content\/uploads\/2022\/08\/img-oferta-guia-propuesta-unica-valor.png 300w, https:\/\/xavierquimi.com\/wp-content\/uploads\/2022\/08\/img-oferta-guia-propuesta-unica-valor-15x12.png 15w\" sizes=\"(max-width: 300px) 100vw, 300px\" \/><\/div>\r\n\t\t<\/figure>\r\n\t<\/div>\r\n\t\r\n<div class=\"clearboth\"><\/div><style>#thegem-divider-69f4eb698a2b4 {margin-top: 20px !important;}<\/style><div id=\"thegem-divider-69f4eb698a2b4\" class=\"gem-divider  \" style=\"\" ><\/div>\r\n\t\r\n\t\t<div class=\"wpb_text_column wpb_content_element  thegem-vc-text thegem-custom-69f4eb698a3422250\"  >\r\n\t\t\t<div class=\"wpb_wrapper\">\r\n\t\t\t\t<div class=\"title-h3\">C\u00f3mo mejorar mi propuesta \u00fanica de valor [incluye paquete gratuito]<\/div>\n\r\n\t\t\t<\/div>\r\n\t\t\t<style>@media screen and (max-width: 1023px) {.thegem-vc-text.thegem-custom-69f4eb698a3422250{display: block!important;}}@media screen and (max-width: 767px) {.thegem-vc-text.thegem-custom-69f4eb698a3422250{display: block!important;}}@media screen and (max-width: 1023px) {.thegem-vc-text.thegem-custom-69f4eb698a3422250{position: relative !important;}}@media screen and (max-width: 767px) {.thegem-vc-text.thegem-custom-69f4eb698a3422250{position: relative !important;}}<\/style>\r\n\t\t<\/div>\r\n\t\r\n<div class=\"gem-button-container gem-button-position-center thegem-button-69f4eb698a4071413    \"  ><a class=\"gem-button gem-button-size-medium gem-button-style-flat gem-button-text-weight-normal gem-button-icon-position-right\" data-ll-effect=\"drop-right-without-wrap\" style=\"border-radius: 3px;background-color: #dca000;\" onmouseleave=\"this.style.backgroundColor='#dca000';\" onmouseenter=\"this.style.backgroundColor='#dbb54c';\" href=\"https:\/\/xavierquimi.com\/wp-content\/uploads\/2022\/08\/paquete-guia-propuesta-valor.rar\" target=\"_self\">Descargar<i class=\"gem-print-icon gem-icon-pack-material \">&#xf35b;<\/i><\/a><\/div> <div class=\"clearboth\"><\/div><style>#thegem-divider-69f4eb698a428 {margin-bottom: 20px !important;}<\/style><div id=\"thegem-divider-69f4eb698a428\" class=\"gem-divider  \" style=\"\" ><\/div><\/div><\/div><\/div><\/div><\/div><\/div><div class=\"wpb_column vc_column_container vc_col-sm-6 thegem-custom-69f4eb698a5795076\"><div class=\"vc_column-inner thegem-custom-inner-69f4eb698a57a \"><div class=\"wpb_wrapper thegem-custom-69f4eb698a5795076\"><div class=\"gem-textbox  gem-interactions-enabled\"   data-mouse_effects=\"yes\" data-mouse_effects_direction=\"-1\" data-mouse_effects_speed=\"0.2\" ><div class=\"gem-textbox-inner\" style=\"border: 1px solid #cecece;\"><div class=\"gem-textbox-title\" style=\"background-color: #dca000;padding-top: 3px;padding-bottom: 7px;\"><\/div><div class=\"gem-textbox-content\" style=\"background-color: #ffffff;background-position: center top;padding-top: 55px;padding-bottom: 36px;\">\r\n\t\r\n\t<div  class=\"wpb_single_image wpb_content_element vc_align_center\" >\r\n\t\t\r\n\t\t<figure class=\"wpb_wrapper vc_figure\">\r\n\t\t\t<div class=\"vc_single_image-wrapper   vc_box_border_grey\"><img width=\"280\" height=\"114\" src=\"https:\/\/xavierquimi.com\/wp-content\/uploads\/2021\/12\/logo-Mkt-Diadico.png\" class=\"vc_single_image-img attachment-full\" alt=\"marketing digital\" title=\"logo-Mkt-Diadico\" \/><\/div>\r\n\t\t<\/figure>\r\n\t<\/div>\r\n\t\r\n\r\n\t\r\n\t\t<div class=\"wpb_text_column wpb_content_element  thegem-vc-text thegem-custom-69f4eb698a8942088\"  >\r\n\t\t\t<div class=\"wpb_wrapper\">\r\n\t\t\t\t<div class=\"title-h2\">\u00bfSab\u00edas que el 83 % de los negocios digitales no cuentan con una estrategia digital?<\/div>\n\r\n\t\t\t<\/div>\r\n\t\t\t<style>@media screen and (max-width: 1023px) {.thegem-vc-text.thegem-custom-69f4eb698a8942088{display: block!important;}}@media screen and (max-width: 767px) {.thegem-vc-text.thegem-custom-69f4eb698a8942088{display: block!important;}}@media screen and (max-width: 1023px) {.thegem-vc-text.thegem-custom-69f4eb698a8942088{position: relative !important;}}@media screen and (max-width: 767px) {.thegem-vc-text.thegem-custom-69f4eb698a8942088{position: relative !important;}}<\/style>\r\n\t\t<\/div>\r\n\t\r\n<div class=\"gem-button-container gem-button-position-center thegem-button-69f4eb698a91a7982    \"  ><a class=\"gem-button gem-button-size-medium gem-button-style-flat gem-button-text-weight-normal gem-button-icon-position-right\" data-ll-effect=\"drop-right-without-wrap\" style=\"border-radius: 3px;background-color: #dca000;\" onmouseleave=\"this.style.backgroundColor='#dca000';\" onmouseenter=\"this.style.backgroundColor='#dbb54c';\" href=\"https:\/\/xavierquimi.com\/servicios\/plan-marketing-digital\/\" target=\"_blank\">QUIERO DESCUBRIR<i class=\"gem-print-icon gem-icon-pack-material \">&#xf35b;<\/i><\/a><\/div> <\/div><\/div><\/div><\/div><\/div><\/div><\/div><\/div><\/div><\/div><\/div><div class=\"vc_row-full-width vc_clearfix\"><\/div>\n<\/div>","protected":false},"excerpt":{"rendered":"","protected":false},"author":1,"featured_media":0,"parent":36773,"menu_order":0,"comment_status":"closed","ping_status":"closed","template":"","meta":{"footnotes":""},"class_list":["post-36718","page","type-page","status-publish"],"yoast_head":"<!-- This site is optimized with the Yoast SEO Premium plugin v18.4 (Yoast SEO v27.4) - https:\/\/yoast.com\/product\/yoast-seo-premium-wordpress\/ -->\n<title>Gracias por descargar la guia para mejorar tu propuesta \u00fanica de valor | Xavier Quim\u00ed<\/title>\n<meta name=\"robots\" content=\"index, follow, max-snippet:-1, max-image-preview:large, max-video-preview:-1\" \/>\n<link rel=\"canonical\" href=\"https:\/\/xavierquimi.com\/en\/muchas-gracias\/plan-estrategico-comunicacion-puv\/\" \/>\n<meta property=\"og:locale\" content=\"en_US\" \/>\n<meta property=\"og:type\" content=\"article\" \/>\n<meta property=\"og:title\" content=\"Gracias por descargar la guia para mejorar tu propuesta \u00fanica de valor\" \/>\n<meta property=\"og:url\" content=\"https:\/\/xavierquimi.com\/en\/muchas-gracias\/plan-estrategico-comunicacion-puv\/\" \/>\n<meta property=\"og:site_name\" content=\"Xavier Quim\u00ed\" \/>\n<meta property=\"article:publisher\" content=\"https:\/\/www.facebook.com\/xavierquimic\" \/>\n<meta property=\"article:modified_time\" content=\"2026-04-20T02:48:33+00:00\" \/>\n<meta name=\"twitter:card\" content=\"summary_large_image\" \/>\n<meta name=\"twitter:site\" content=\"@sxquimi\" \/>\n<meta name=\"twitter:label1\" content=\"Est. reading time\" \/>\n\t<meta name=\"twitter:data1\" content=\"1 minute\" \/>\n<script type=\"application\/ld+json\" class=\"yoast-schema-graph\">{\"@context\":\"https:\\\/\\\/schema.org\",\"@graph\":[{\"@type\":\"WebPage\",\"@id\":\"https:\\\/\\\/xavierquimi.com\\\/muchas-gracias\\\/plan-estrategico-comunicacion-puv\\\/\",\"url\":\"https:\\\/\\\/xavierquimi.com\\\/muchas-gracias\\\/plan-estrategico-comunicacion-puv\\\/\",\"name\":\"Gracias por descargar la guia para mejorar tu propuesta \u00fanica de valor | Xavier Quim\u00ed\",\"isPartOf\":{\"@id\":\"https:\\\/\\\/xavierquimi.com\\\/#website\"},\"datePublished\":\"2022-08-24T03:32:46+00:00\",\"dateModified\":\"2026-04-20T02:48:33+00:00\",\"breadcrumb\":{\"@id\":\"https:\\\/\\\/xavierquimi.com\\\/muchas-gracias\\\/plan-estrategico-comunicacion-puv\\\/#breadcrumb\"},\"inLanguage\":\"en-US\",\"potentialAction\":[{\"@type\":\"ReadAction\",\"target\":[\"https:\\\/\\\/xavierquimi.com\\\/muchas-gracias\\\/plan-estrategico-comunicacion-puv\\\/\"]}]},{\"@type\":\"BreadcrumbList\",\"@id\":\"https:\\\/\\\/xavierquimi.com\\\/muchas-gracias\\\/plan-estrategico-comunicacion-puv\\\/#breadcrumb\",\"itemListElement\":[{\"@type\":\"ListItem\",\"position\":1,\"name\":\"Portada\",\"item\":\"https:\\\/\\\/xavierquimi.com\\\/\"},{\"@type\":\"ListItem\",\"position\":2,\"name\":\"muchas-gracias\",\"item\":\"https:\\\/\\\/xavierquimi.com\\\/muchas-gracias\\\/\"},{\"@type\":\"ListItem\",\"position\":3,\"name\":\"Gracias por descargar la guia para mejorar tu propuesta \u00fanica de valor\"}]},{\"@type\":\"WebSite\",\"@id\":\"https:\\\/\\\/xavierquimi.com\\\/#website\",\"url\":\"https:\\\/\\\/xavierquimi.com\\\/\",\"name\":\"Xavier Quim\u00ed\",\"description\":\"Estrategias para Negocios Online.\",\"publisher\":{\"@id\":\"https:\\\/\\\/xavierquimi.com\\\/#\\\/schema\\\/person\\\/1b1d557cb0e54d87de2102227fbe83ff\"},\"potentialAction\":[{\"@type\":\"SearchAction\",\"target\":{\"@type\":\"EntryPoint\",\"urlTemplate\":\"https:\\\/\\\/xavierquimi.com\\\/?s={search_term_string}\"},\"query-input\":{\"@type\":\"PropertyValueSpecification\",\"valueRequired\":true,\"valueName\":\"search_term_string\"}}],\"inLanguage\":\"en-US\"},{\"@type\":[\"Person\",\"Organization\"],\"@id\":\"https:\\\/\\\/xavierquimi.com\\\/#\\\/schema\\\/person\\\/1b1d557cb0e54d87de2102227fbe83ff\",\"name\":\"Xavier Quim\u00ed Ca\u00f1arte\",\"image\":{\"@type\":\"ImageObject\",\"inLanguage\":\"en-US\",\"@id\":\"https:\\\/\\\/xavierquimi.com\\\/wp-content\\\/uploads\\\/2020\\\/12\\\/xavierquimi-200px.jpg\",\"url\":\"https:\\\/\\\/xavierquimi.com\\\/wp-content\\\/uploads\\\/2020\\\/12\\\/xavierquimi-200px.jpg\",\"contentUrl\":\"https:\\\/\\\/xavierquimi.com\\\/wp-content\\\/uploads\\\/2020\\\/12\\\/xavierquimi-200px.jpg\",\"width\":200,\"height\":229,\"caption\":\"Xavier Quim\u00ed Ca\u00f1arte\"},\"logo\":{\"@id\":\"https:\\\/\\\/xavierquimi.com\\\/wp-content\\\/uploads\\\/2020\\\/12\\\/xavierquimi-200px.jpg\"},\"description\":\"Dise\u00f1o sistemas de crecimiento donde experiencia, datos y automatizaci\u00f3n se convierten en decisiones claras y resultados medibles. Si este art\u00edculo te hizo replantear c\u00f3mo est\u00e1s dise\u00f1ando tus experiencias, conversemos.\",\"sameAs\":[\"https:\\\/\\\/xavierquimi.com\",\"https:\\\/\\\/www.facebook.com\\\/xavierquimic\",\"https:\\\/\\\/www.linkedin.com\\\/in\\\/xavierquimi\\\/\",\"https:\\\/\\\/x.com\\\/@sxquimi\"]}]}<\/script>\n<!-- \/ Yoast SEO Premium plugin. -->","yoast_head_json":{"title":"Gracias por descargar la guia para mejorar tu propuesta \u00fanica de valor | Xavier Quim\u00ed","robots":{"index":"index","follow":"follow","max-snippet":"max-snippet:-1","max-image-preview":"max-image-preview:large","max-video-preview":"max-video-preview:-1"},"canonical":"https:\/\/xavierquimi.com\/en\/muchas-gracias\/plan-estrategico-comunicacion-puv\/","og_locale":"en_US","og_type":"article","og_title":"Gracias por descargar la guia para mejorar tu propuesta \u00fanica de valor","og_url":"https:\/\/xavierquimi.com\/en\/muchas-gracias\/plan-estrategico-comunicacion-puv\/","og_site_name":"Xavier Quim\u00ed","article_publisher":"https:\/\/www.facebook.com\/xavierquimic","article_modified_time":"2026-04-20T02:48:33+00:00","twitter_card":"summary_large_image","twitter_site":"@sxquimi","twitter_misc":{"Est. reading time":"1 minute"},"schema":{"@context":"https:\/\/schema.org","@graph":[{"@type":"WebPage","@id":"https:\/\/xavierquimi.com\/muchas-gracias\/plan-estrategico-comunicacion-puv\/","url":"https:\/\/xavierquimi.com\/muchas-gracias\/plan-estrategico-comunicacion-puv\/","name":"Gracias por descargar la guia para mejorar tu propuesta \u00fanica de valor | Xavier Quim\u00ed","isPartOf":{"@id":"https:\/\/xavierquimi.com\/#website"},"datePublished":"2022-08-24T03:32:46+00:00","dateModified":"2026-04-20T02:48:33+00:00","breadcrumb":{"@id":"https:\/\/xavierquimi.com\/muchas-gracias\/plan-estrategico-comunicacion-puv\/#breadcrumb"},"inLanguage":"en-US","potentialAction":[{"@type":"ReadAction","target":["https:\/\/xavierquimi.com\/muchas-gracias\/plan-estrategico-comunicacion-puv\/"]}]},{"@type":"BreadcrumbList","@id":"https:\/\/xavierquimi.com\/muchas-gracias\/plan-estrategico-comunicacion-puv\/#breadcrumb","itemListElement":[{"@type":"ListItem","position":1,"name":"Portada","item":"https:\/\/xavierquimi.com\/"},{"@type":"ListItem","position":2,"name":"muchas-gracias","item":"https:\/\/xavierquimi.com\/muchas-gracias\/"},{"@type":"ListItem","position":3,"name":"Gracias por descargar la guia para mejorar tu propuesta \u00fanica de valor"}]},{"@type":"WebSite","@id":"https:\/\/xavierquimi.com\/#website","url":"https:\/\/xavierquimi.com\/","name":"Xavier Quim\u00ed","description":"Estrategias para Negocios Online.","publisher":{"@id":"https:\/\/xavierquimi.com\/#\/schema\/person\/1b1d557cb0e54d87de2102227fbe83ff"},"potentialAction":[{"@type":"SearchAction","target":{"@type":"EntryPoint","urlTemplate":"https:\/\/xavierquimi.com\/?s={search_term_string}"},"query-input":{"@type":"PropertyValueSpecification","valueRequired":true,"valueName":"search_term_string"}}],"inLanguage":"en-US"},{"@type":["Person","Organization"],"@id":"https:\/\/xavierquimi.com\/#\/schema\/person\/1b1d557cb0e54d87de2102227fbe83ff","name":"Xavier Quim\u00ed Ca\u00f1arte","image":{"@type":"ImageObject","inLanguage":"en-US","@id":"https:\/\/xavierquimi.com\/wp-content\/uploads\/2020\/12\/xavierquimi-200px.jpg","url":"https:\/\/xavierquimi.com\/wp-content\/uploads\/2020\/12\/xavierquimi-200px.jpg","contentUrl":"https:\/\/xavierquimi.com\/wp-content\/uploads\/2020\/12\/xavierquimi-200px.jpg","width":200,"height":229,"caption":"Xavier Quim\u00ed Ca\u00f1arte"},"logo":{"@id":"https:\/\/xavierquimi.com\/wp-content\/uploads\/2020\/12\/xavierquimi-200px.jpg"},"description":"Dise\u00f1o sistemas de crecimiento donde experiencia, datos y automatizaci\u00f3n se convierten en decisiones claras y resultados medibles. Si este art\u00edculo te hizo replantear c\u00f3mo est\u00e1s dise\u00f1ando tus experiencias, conversemos.","sameAs":["https:\/\/xavierquimi.com","https:\/\/www.facebook.com\/xavierquimic","https:\/\/www.linkedin.com\/in\/xavierquimi\/","https:\/\/x.com\/@sxquimi"]}]}},"_links":{"self":[{"href":"https:\/\/xavierquimi.com\/en\/wp-json\/wp\/v2\/pages\/36718","targetHints":{"allow":["GET"]}}],"collection":[{"href":"https:\/\/xavierquimi.com\/en\/wp-json\/wp\/v2\/pages"}],"about":[{"href":"https:\/\/xavierquimi.com\/en\/wp-json\/wp\/v2\/types\/page"}],"author":[{"embeddable":true,"href":"https:\/\/xavierquimi.com\/en\/wp-json\/wp\/v2\/users\/1"}],"replies":[{"embeddable":true,"href":"https:\/\/xavierquimi.com\/en\/wp-json\/wp\/v2\/comments?post=36718"}],"version-history":[{"count":2,"href":"https:\/\/xavierquimi.com\/en\/wp-json\/wp\/v2\/pages\/36718\/revisions"}],"predecessor-version":[{"id":39717,"href":"https:\/\/xavierquimi.com\/en\/wp-json\/wp\/v2\/pages\/36718\/revisions\/39717"}],"up":[{"embeddable":true,"href":"https:\/\/xavierquimi.com\/en\/wp-json\/wp\/v2\/pages\/36773"}],"wp:attachment":[{"href":"https:\/\/xavierquimi.com\/en\/wp-json\/wp\/v2\/media?parent=36718"}],"curies":[{"name":"wp","href":"https:\/\/api.w.org\/{rel}","templated":true}]}}