{"id":36613,"date":"2022-08-18T22:17:52","date_gmt":"2022-08-19T03:17:52","guid":{"rendered":"https:\/\/xavierquimi.com\/?page_id=36613"},"modified":"2026-04-19T21:49:54","modified_gmt":"2026-04-20T02:49:54","slug":"auditoria-web-guia","status":"publish","type":"page","link":"https:\/\/xavierquimi.com\/en\/muchas-gracias\/auditoria-web-guia\/","title":{"rendered":"Gracias por descargar la guia para hacer una auditoria web"},"content":{"rendered":"<div class=\"wpb-content-wrapper\"><div class=\"vc_row-full-width-before\"><\/div><div id=\"vc_row-69f31455e0f27\" data-vc-full-width=\"true\" data-vc-full-width-init=\"false\" class=\"vc_row wpb_row vc_row-fluid vc_custom_1660881963454 thegem-custom-69f31455e0f0d4668 vc_row-has-fill\"><script type=\"text\/javascript\">if (typeof(gem_fix_fullwidth_position) == \"function\") { gem_fix_fullwidth_position(document.getElementById(\"vc_row-69f31455e0f27\")); }<\/script><style>@media screen and (max-width: 1023px) {.thegem-custom-69f31455e0f0d4668.wpb_row {padding-left: 0px !important;}}@media screen and (max-width: 767px) {.thegem-custom-69f31455e0f0d4668.wpb_row {padding-left: 0px !important;}}@media screen and (max-width: 1023px) {.thegem-custom-69f31455e0f0d4668.wpb_row {padding-right: 0px !important;}}@media screen and (max-width: 767px) {.thegem-custom-69f31455e0f0d4668.wpb_row {padding-right: 0px !important;}}<\/style><div class=\"wpb_column vc_column_container vc_col-sm-12 thegem-custom-69f31455e11742032\" ><div class=\"vc_column-inner thegem-custom-inner-69f31455e1175 \"><div class=\"wpb_wrapper thegem-custom-69f31455e11742032\">\r\n\t\r\n\t\t<div class=\"wpb_text_column wpb_content_element  thegem-vc-text thegem-custom-69f31455e13434060\"  >\r\n\t\t\t<div class=\"wpb_wrapper\">\r\n\t\t\t\t<div class=\"title-h1\" style=\"text-align: center;\">\u00a1Eso es todo!<\/div>\n\r\n\t\t\t<\/div>\r\n\t\t\t<style>@media screen and (max-width: 1023px) {.thegem-vc-text.thegem-custom-69f31455e13434060{display: block!important;}}@media screen and (max-width: 767px) {.thegem-vc-text.thegem-custom-69f31455e13434060{display: block!important;}}@media screen and (max-width: 1023px) {.thegem-vc-text.thegem-custom-69f31455e13434060{position: relative !important;}}@media screen and (max-width: 767px) {.thegem-vc-text.thegem-custom-69f31455e13434060{position: relative !important;}}<\/style>\r\n\t\t<\/div>\r\n\t\r\n\r\n\t\r\n\t\t<div class=\"wpb_text_column wpb_content_element  thegem-vc-text thegem-custom-69f31455e144e7728\"  >\r\n\t\t\t<div class=\"wpb_wrapper\">\r\n\t\t\t\t<p style=\"text-align: center;\">Accede en seguida a tu gu\u00eda completa parra llevar a cabo una auditoria de tu sito WEB cuando amerite.<\/p>\n\r\n\t\t\t<\/div>\r\n\t\t\t<style>@media screen and (max-width: 1023px) {.thegem-vc-text.thegem-custom-69f31455e144e7728{display: block!important;}}@media screen and (max-width: 767px) {.thegem-vc-text.thegem-custom-69f31455e144e7728{display: block!important;}}@media screen and (max-width: 1023px) {.thegem-vc-text.thegem-custom-69f31455e144e7728{position: relative !important;}}@media screen and (max-width: 767px) {.thegem-vc-text.thegem-custom-69f31455e144e7728{position: relative !important;}}<\/style>\r\n\t\t<\/div>\r\n\t\r\n<div class=\"vc_row wpb_row vc_inner vc_row-fluid thegem-custom-69f31455e166e402 custom-inner-column-69f31455e1672\" ><div class=\"wpb_column vc_column_container vc_col-sm-6 thegem-custom-69f31455e18397726\"><div class=\"vc_column-inner thegem-custom-inner-69f31455e183a \"><div class=\"wpb_wrapper thegem-custom-69f31455e18397726\"><div class=\"gem-textbox  gem-interactions-enabled\"   data-mouse_effects=\"yes\" data-mouse_effects_direction=\"-1\" data-mouse_effects_speed=\"0.3\" ><div class=\"gem-textbox-inner\" style=\"border: 1px solid #cecece;\"><div class=\"gem-textbox-title\" style=\"background-color: #5f727f;padding-top: 3px;padding-bottom: 7px;\"><\/div><div class=\"gem-textbox-content\" style=\"background-color: #ffffff;background-position: center top;padding-top: 55px;padding-bottom: 36px;\">\r\n\t\r\n\t<div  class=\"wpb_single_image wpb_content_element vc_align_center\" >\r\n\t\t\r\n\t\t<figure class=\"wpb_wrapper vc_figure\">\r\n\t\t\t<div class=\"vc_single_image-wrapper   vc_box_border_grey\"><img width=\"300\" height=\"233\" src=\"https:\/\/xavierquimi.com\/wp-content\/uploads\/2022\/08\/img-oferta-auditoria-web-300x233.png\" class=\"vc_single_image-img attachment-medium\" alt=\"\" title=\"img-oferta-auditoria-web\" srcset=\"https:\/\/xavierquimi.com\/wp-content\/uploads\/2022\/08\/img-oferta-auditoria-web-300x233.png 300w, https:\/\/xavierquimi.com\/wp-content\/uploads\/2022\/08\/img-oferta-auditoria-web-768x598.png 768w, https:\/\/xavierquimi.com\/wp-content\/uploads\/2022\/08\/img-oferta-auditoria-web-15x12.png 15w, https:\/\/xavierquimi.com\/wp-content\/uploads\/2022\/08\/img-oferta-auditoria-web.png 820w\" sizes=\"(max-width: 300px) 100vw, 300px\" \/><\/div>\r\n\t\t<\/figure>\r\n\t<\/div>\r\n\t\r\n\r\n\t\r\n\t\t<div class=\"wpb_text_column wpb_content_element  thegem-vc-text thegem-custom-69f31455e1de65204\"  >\r\n\t\t\t<div class=\"wpb_wrapper\">\r\n\t\t\t\t<div class=\"title-h3\" style=\"text-align: center;\">C\u00f3mo llevar a cabo una auditoria WEB [incluye paquete gratuito]<\/div>\n\r\n\t\t\t<\/div>\r\n\t\t\t<style>@media screen and (max-width: 1023px) {.thegem-vc-text.thegem-custom-69f31455e1de65204{display: block!important;}}@media screen and (max-width: 767px) {.thegem-vc-text.thegem-custom-69f31455e1de65204{display: block!important;}}@media screen and (max-width: 1023px) {.thegem-vc-text.thegem-custom-69f31455e1de65204{position: relative !important;}}@media screen and (max-width: 767px) {.thegem-vc-text.thegem-custom-69f31455e1de65204{position: relative !important;}}<\/style>\r\n\t\t<\/div>\r\n\t\r\n<div class=\"gem-button-container gem-button-position-center thegem-button-69f31455e1f278507    \"  ><a class=\"gem-button gem-button-size-medium gem-button-style-flat gem-button-text-weight-normal gem-button-icon-position-right\" data-ll-effect=\"drop-right-without-wrap\" style=\"border-radius: 3px;background-color: #00b0f0;\" onmouseleave=\"this.style.backgroundColor='#00b0f0';\" onmouseenter=\"this.style.backgroundColor='#97d8ef';\" href=\"https:\/\/xavierquimi.com\/wp-content\/uploads\/2022\/08\/Paquete-auditoria-WEB.rar\" target=\"_self\">Descargar<i class=\"gem-print-icon gem-icon-pack-material \">&#xf35b;<\/i><\/a><\/div> <\/div><\/div><\/div><\/div><\/div><\/div><div class=\"wpb_column vc_column_container vc_col-sm-6 thegem-custom-69f31455e20bf5920\"><div class=\"vc_column-inner thegem-custom-inner-69f31455e20c0 \"><div class=\"wpb_wrapper thegem-custom-69f31455e20bf5920\"><div class=\"gem-textbox  gem-interactions-enabled\"   data-mouse_effects=\"yes\" data-mouse_effects_direction=\"-1\" data-mouse_effects_speed=\"0.2\" ><div class=\"gem-textbox-inner\" style=\"border: 1px solid #cecece;\"><div class=\"gem-textbox-title\" style=\"background-color: #5f727f;padding-top: 3px;padding-bottom: 7px;\"><\/div><div class=\"gem-textbox-content\" style=\"background-color: #ffffff;background-position: center top;padding-top: 55px;padding-bottom: 36px;\"><div class=\" gem-icon-with-title  gem-icon-with-title-icon-size-large\" ><a href=https:\/\/xavierquimi.com\/servicios\/auditoria-web\/><div class=\"gem-icon-with-title-icon\"><div class=\"gem-icon gem-icon-pack-material gem-icon-size-large  gem-icon-shape-square gem-simple-icon \"  style=\"opacity: 1;\"><div class=\"gem-icon-inner\" style=\"\"><span class=\"gem-icon-half-1\" style=\"color: #6be0ef;\"><span class=\"back-angle\">&#xf5ed;<\/span><\/span><span class=\"gem-icon-half-2\" style=\"color: #6be0ef;\"><span class=\"back-angle\">&#xf5ed;<\/span><\/span><\/div><\/div><\/div><div class=\"gem-iconed-title\"><h2 style=\"\"><a href=https:\/\/xavierquimi.com\/servicios\/auditoria-web\/>INSPECCI\u00d3N DIGITAL<\/a><\/h2><\/div><\/a><\/div><div class=\"clearboth\"><\/div><style>#thegem-divider-69f31455e21be {margin-bottom: 20px !important;}<\/style><div id=\"thegem-divider-69f31455e21be\" class=\"gem-divider  \" style=\"\" ><\/div>\r\n\t\r\n\t\t<div class=\"wpb_text_column wpb_content_element  thegem-vc-text thegem-custom-69f31455e22425301\"  >\r\n\t\t\t<div class=\"wpb_wrapper\">\r\n\t\t\t\t<div class=\"title-h3\">\u00bfSabias que el 47% de usuarios abandona tu web?<\/div>\n\r\n\t\t\t<\/div>\r\n\t\t\t<style>@media screen and (max-width: 1023px) {.thegem-vc-text.thegem-custom-69f31455e22425301{display: block!important;}}@media screen and (max-width: 767px) {.thegem-vc-text.thegem-custom-69f31455e22425301{display: block!important;}}@media screen and (max-width: 1023px) {.thegem-vc-text.thegem-custom-69f31455e22425301{position: relative !important;}}@media screen and (max-width: 767px) {.thegem-vc-text.thegem-custom-69f31455e22425301{position: relative !important;}}<\/style>\r\n\t\t<\/div>\r\n\t\r\n<div class=\"clearboth\"><\/div><style>#thegem-divider-69f31455e2293 {margin-bottom: 20px !important;}<\/style><div id=\"thegem-divider-69f31455e2293\" class=\"gem-divider  \" style=\"\" ><\/div><div class=\"gem-button-container gem-button-position-center thegem-button-69f31455e22dd3179    \"  ><a class=\"gem-button gem-button-size-medium gem-button-style-flat gem-button-text-weight-normal gem-button-icon-position-right\" data-ll-effect=\"drop-right-without-wrap\" style=\"border-radius: 3px;background-color: #00b0f0;\" onmouseleave=\"this.style.backgroundColor='#00b0f0';\" onmouseenter=\"this.style.backgroundColor='#97d8ef';\" href=\"https:\/\/xavierquimi.com\/servicios\/inspeccion-digital\/\" target=\"_blank\">QUIERO DESCUBRIR<i class=\"gem-print-icon gem-icon-pack-material \">&#xf35b;<\/i><\/a><\/div> <div class=\"clearboth\"><\/div><style>#thegem-divider-69f31455e22f5 {margin-bottom: 20px !important;}<\/style><div id=\"thegem-divider-69f31455e22f5\" class=\"gem-divider  \" style=\"\" ><\/div><\/div><\/div><\/div><\/div><\/div><\/div><\/div><\/div><\/div><\/div><\/div><div class=\"vc_row-full-width vc_clearfix\"><\/div>\n<\/div>","protected":false},"excerpt":{"rendered":"","protected":false},"author":1,"featured_media":0,"parent":36773,"menu_order":0,"comment_status":"closed","ping_status":"closed","template":"","meta":{"footnotes":""},"class_list":["post-36613","page","type-page","status-publish"],"yoast_head":"<!-- This site is optimized with the Yoast SEO Premium plugin v18.4 (Yoast SEO v27.4) - https:\/\/yoast.com\/product\/yoast-seo-premium-wordpress\/ -->\n<title>Gracias por descargar la guia para hacer una auditoria web | Xavier Quim\u00ed<\/title>\n<meta name=\"robots\" content=\"index, follow, max-snippet:-1, max-image-preview:large, max-video-preview:-1\" \/>\n<link rel=\"canonical\" href=\"https:\/\/xavierquimi.com\/en\/muchas-gracias\/auditoria-web-guia\/\" \/>\n<meta property=\"og:locale\" content=\"en_US\" \/>\n<meta property=\"og:type\" content=\"article\" \/>\n<meta property=\"og:title\" content=\"Gracias por descargar la guia para hacer una auditoria web\" \/>\n<meta property=\"og:url\" content=\"https:\/\/xavierquimi.com\/en\/muchas-gracias\/auditoria-web-guia\/\" \/>\n<meta property=\"og:site_name\" content=\"Xavier Quim\u00ed\" \/>\n<meta property=\"article:publisher\" content=\"https:\/\/www.facebook.com\/xavierquimic\" \/>\n<meta property=\"article:modified_time\" content=\"2026-04-20T02:49:54+00:00\" \/>\n<meta name=\"twitter:card\" content=\"summary_large_image\" \/>\n<meta name=\"twitter:site\" content=\"@sxquimi\" \/>\n<meta name=\"twitter:label1\" content=\"Est. reading time\" \/>\n\t<meta name=\"twitter:data1\" content=\"2 minutes\" \/>\n<script type=\"application\/ld+json\" class=\"yoast-schema-graph\">{\"@context\":\"https:\\\/\\\/schema.org\",\"@graph\":[{\"@type\":\"WebPage\",\"@id\":\"https:\\\/\\\/xavierquimi.com\\\/muchas-gracias\\\/auditoria-web-guia\\\/\",\"url\":\"https:\\\/\\\/xavierquimi.com\\\/muchas-gracias\\\/auditoria-web-guia\\\/\",\"name\":\"Gracias por descargar la guia para hacer una auditoria web | Xavier Quim\u00ed\",\"isPartOf\":{\"@id\":\"https:\\\/\\\/xavierquimi.com\\\/#website\"},\"datePublished\":\"2022-08-19T03:17:52+00:00\",\"dateModified\":\"2026-04-20T02:49:54+00:00\",\"breadcrumb\":{\"@id\":\"https:\\\/\\\/xavierquimi.com\\\/muchas-gracias\\\/auditoria-web-guia\\\/#breadcrumb\"},\"inLanguage\":\"en-US\",\"potentialAction\":[{\"@type\":\"ReadAction\",\"target\":[\"https:\\\/\\\/xavierquimi.com\\\/muchas-gracias\\\/auditoria-web-guia\\\/\"]}]},{\"@type\":\"BreadcrumbList\",\"@id\":\"https:\\\/\\\/xavierquimi.com\\\/muchas-gracias\\\/auditoria-web-guia\\\/#breadcrumb\",\"itemListElement\":[{\"@type\":\"ListItem\",\"position\":1,\"name\":\"Portada\",\"item\":\"https:\\\/\\\/xavierquimi.com\\\/\"},{\"@type\":\"ListItem\",\"position\":2,\"name\":\"muchas-gracias\",\"item\":\"https:\\\/\\\/xavierquimi.com\\\/muchas-gracias\\\/\"},{\"@type\":\"ListItem\",\"position\":3,\"name\":\"Gracias por descargar la guia para hacer una auditoria web\"}]},{\"@type\":\"WebSite\",\"@id\":\"https:\\\/\\\/xavierquimi.com\\\/#website\",\"url\":\"https:\\\/\\\/xavierquimi.com\\\/\",\"name\":\"Xavier Quim\u00ed\",\"description\":\"Estrategias para Negocios Online.\",\"publisher\":{\"@id\":\"https:\\\/\\\/xavierquimi.com\\\/#\\\/schema\\\/person\\\/1b1d557cb0e54d87de2102227fbe83ff\"},\"potentialAction\":[{\"@type\":\"SearchAction\",\"target\":{\"@type\":\"EntryPoint\",\"urlTemplate\":\"https:\\\/\\\/xavierquimi.com\\\/?s={search_term_string}\"},\"query-input\":{\"@type\":\"PropertyValueSpecification\",\"valueRequired\":true,\"valueName\":\"search_term_string\"}}],\"inLanguage\":\"en-US\"},{\"@type\":[\"Person\",\"Organization\"],\"@id\":\"https:\\\/\\\/xavierquimi.com\\\/#\\\/schema\\\/person\\\/1b1d557cb0e54d87de2102227fbe83ff\",\"name\":\"Xavier Quim\u00ed Ca\u00f1arte\",\"image\":{\"@type\":\"ImageObject\",\"inLanguage\":\"en-US\",\"@id\":\"https:\\\/\\\/xavierquimi.com\\\/wp-content\\\/uploads\\\/2020\\\/12\\\/xavierquimi-200px.jpg\",\"url\":\"https:\\\/\\\/xavierquimi.com\\\/wp-content\\\/uploads\\\/2020\\\/12\\\/xavierquimi-200px.jpg\",\"contentUrl\":\"https:\\\/\\\/xavierquimi.com\\\/wp-content\\\/uploads\\\/2020\\\/12\\\/xavierquimi-200px.jpg\",\"width\":200,\"height\":229,\"caption\":\"Xavier Quim\u00ed Ca\u00f1arte\"},\"logo\":{\"@id\":\"https:\\\/\\\/xavierquimi.com\\\/wp-content\\\/uploads\\\/2020\\\/12\\\/xavierquimi-200px.jpg\"},\"description\":\"Dise\u00f1o sistemas de crecimiento donde experiencia, datos y automatizaci\u00f3n se convierten en decisiones claras y resultados medibles. Si este art\u00edculo te hizo replantear c\u00f3mo est\u00e1s dise\u00f1ando tus experiencias, conversemos.\",\"sameAs\":[\"https:\\\/\\\/xavierquimi.com\",\"https:\\\/\\\/www.facebook.com\\\/xavierquimic\",\"https:\\\/\\\/www.linkedin.com\\\/in\\\/xavierquimi\\\/\",\"https:\\\/\\\/x.com\\\/@sxquimi\"]}]}<\/script>\n<!-- \/ Yoast SEO Premium plugin. -->","yoast_head_json":{"title":"Gracias por descargar la guia para hacer una auditoria web | Xavier Quim\u00ed","robots":{"index":"index","follow":"follow","max-snippet":"max-snippet:-1","max-image-preview":"max-image-preview:large","max-video-preview":"max-video-preview:-1"},"canonical":"https:\/\/xavierquimi.com\/en\/muchas-gracias\/auditoria-web-guia\/","og_locale":"en_US","og_type":"article","og_title":"Gracias por descargar la guia para hacer una auditoria web","og_url":"https:\/\/xavierquimi.com\/en\/muchas-gracias\/auditoria-web-guia\/","og_site_name":"Xavier Quim\u00ed","article_publisher":"https:\/\/www.facebook.com\/xavierquimic","article_modified_time":"2026-04-20T02:49:54+00:00","twitter_card":"summary_large_image","twitter_site":"@sxquimi","twitter_misc":{"Est. reading time":"2 minutes"},"schema":{"@context":"https:\/\/schema.org","@graph":[{"@type":"WebPage","@id":"https:\/\/xavierquimi.com\/muchas-gracias\/auditoria-web-guia\/","url":"https:\/\/xavierquimi.com\/muchas-gracias\/auditoria-web-guia\/","name":"Gracias por descargar la guia para hacer una auditoria web | Xavier Quim\u00ed","isPartOf":{"@id":"https:\/\/xavierquimi.com\/#website"},"datePublished":"2022-08-19T03:17:52+00:00","dateModified":"2026-04-20T02:49:54+00:00","breadcrumb":{"@id":"https:\/\/xavierquimi.com\/muchas-gracias\/auditoria-web-guia\/#breadcrumb"},"inLanguage":"en-US","potentialAction":[{"@type":"ReadAction","target":["https:\/\/xavierquimi.com\/muchas-gracias\/auditoria-web-guia\/"]}]},{"@type":"BreadcrumbList","@id":"https:\/\/xavierquimi.com\/muchas-gracias\/auditoria-web-guia\/#breadcrumb","itemListElement":[{"@type":"ListItem","position":1,"name":"Portada","item":"https:\/\/xavierquimi.com\/"},{"@type":"ListItem","position":2,"name":"muchas-gracias","item":"https:\/\/xavierquimi.com\/muchas-gracias\/"},{"@type":"ListItem","position":3,"name":"Gracias por descargar la guia para hacer una auditoria web"}]},{"@type":"WebSite","@id":"https:\/\/xavierquimi.com\/#website","url":"https:\/\/xavierquimi.com\/","name":"Xavier Quim\u00ed","description":"Estrategias para Negocios Online.","publisher":{"@id":"https:\/\/xavierquimi.com\/#\/schema\/person\/1b1d557cb0e54d87de2102227fbe83ff"},"potentialAction":[{"@type":"SearchAction","target":{"@type":"EntryPoint","urlTemplate":"https:\/\/xavierquimi.com\/?s={search_term_string}"},"query-input":{"@type":"PropertyValueSpecification","valueRequired":true,"valueName":"search_term_string"}}],"inLanguage":"en-US"},{"@type":["Person","Organization"],"@id":"https:\/\/xavierquimi.com\/#\/schema\/person\/1b1d557cb0e54d87de2102227fbe83ff","name":"Xavier Quim\u00ed Ca\u00f1arte","image":{"@type":"ImageObject","inLanguage":"en-US","@id":"https:\/\/xavierquimi.com\/wp-content\/uploads\/2020\/12\/xavierquimi-200px.jpg","url":"https:\/\/xavierquimi.com\/wp-content\/uploads\/2020\/12\/xavierquimi-200px.jpg","contentUrl":"https:\/\/xavierquimi.com\/wp-content\/uploads\/2020\/12\/xavierquimi-200px.jpg","width":200,"height":229,"caption":"Xavier Quim\u00ed Ca\u00f1arte"},"logo":{"@id":"https:\/\/xavierquimi.com\/wp-content\/uploads\/2020\/12\/xavierquimi-200px.jpg"},"description":"Dise\u00f1o sistemas de crecimiento donde experiencia, datos y automatizaci\u00f3n se convierten en decisiones claras y resultados medibles. Si este art\u00edculo te hizo replantear c\u00f3mo est\u00e1s dise\u00f1ando tus experiencias, conversemos.","sameAs":["https:\/\/xavierquimi.com","https:\/\/www.facebook.com\/xavierquimic","https:\/\/www.linkedin.com\/in\/xavierquimi\/","https:\/\/x.com\/@sxquimi"]}]}},"_links":{"self":[{"href":"https:\/\/xavierquimi.com\/en\/wp-json\/wp\/v2\/pages\/36613","targetHints":{"allow":["GET"]}}],"collection":[{"href":"https:\/\/xavierquimi.com\/en\/wp-json\/wp\/v2\/pages"}],"about":[{"href":"https:\/\/xavierquimi.com\/en\/wp-json\/wp\/v2\/types\/page"}],"author":[{"embeddable":true,"href":"https:\/\/xavierquimi.com\/en\/wp-json\/wp\/v2\/users\/1"}],"replies":[{"embeddable":true,"href":"https:\/\/xavierquimi.com\/en\/wp-json\/wp\/v2\/comments?post=36613"}],"version-history":[{"count":3,"href":"https:\/\/xavierquimi.com\/en\/wp-json\/wp\/v2\/pages\/36613\/revisions"}],"predecessor-version":[{"id":39718,"href":"https:\/\/xavierquimi.com\/en\/wp-json\/wp\/v2\/pages\/36613\/revisions\/39718"}],"up":[{"embeddable":true,"href":"https:\/\/xavierquimi.com\/en\/wp-json\/wp\/v2\/pages\/36773"}],"wp:attachment":[{"href":"https:\/\/xavierquimi.com\/en\/wp-json\/wp\/v2\/media?parent=36613"}],"curies":[{"name":"wp","href":"https:\/\/api.w.org\/{rel}","templated":true}]}}