{"id":35654,"date":"2022-03-06T20:26:42","date_gmt":"2022-03-07T01:26:42","guid":{"rendered":"https:\/\/xavierquimi.com\/?page_id=35654"},"modified":"2022-08-28T19:42:06","modified_gmt":"2022-08-29T00:42:06","slug":"marketing-diadico","status":"publish","type":"page","link":"https:\/\/xavierquimi.com\/en\/libros\/marketing-diadico\/","title":{"rendered":"Marketing Diadico"},"content":{"rendered":"<div class=\"wpb-content-wrapper\"><div class=\"vc_row-full-width-before\"><\/div><div id=\"vc_row-69f50eaa223ad\" data-vc-full-width=\"true\" data-vc-full-width-init=\"false\" class=\"vc_row wpb_row vc_row-fluid vc_custom_1646618091455 thegem-custom-69f50eaa223998658 vc_row-has-fill\"><script type=\"text\/javascript\">if (typeof(gem_fix_fullwidth_position) == \"function\") { gem_fix_fullwidth_position(document.getElementById(\"vc_row-69f50eaa223ad\")); }<\/script><div class=\"wpb_column vc_column_container vc_col-sm-12 thegem-custom-69f50eaa225907256\" ><div class=\"vc_column-inner thegem-custom-inner-69f50eaa22591\"><div class=\"wpb_wrapper thegem-custom-69f50eaa225907256\"><div id=\"fullwidth-block-69f50eaa22739\" class=\"fullwidth-block fullwidth-block-parallax-horizontal clearfix\" data-mobile-parallax-enable=\"0\" style=\"padding-bottom: 0pxpx;\"><script type=\"text\/javascript\">if (typeof(gem_fix_fullwidth_position) == \"function\") { gem_fix_fullwidth_position(document.getElementById(\"fullwidth-block-69f50eaa22739\")); }<\/script><div class=\"fullwidth-block-background\" style=\"background-image: url(https:\/\/xavierquimi.com\/wp-content\/uploads\/2022\/03\/xavierquimi-bg-header.marketing-diadico.jpg);background-position: center center;\"><\/div><div class=\"fullwidth-block-inner\"><div class=\"vc_row wpb_row vc_inner vc_row-fluid vc_custom_1646618108821 thegem-custom-69f50eaa229178799 vc_row-has-fill custom-inner-column-69f50eaa22921\" ><div class=\"wpb_column vc_column_container vc_col-sm-3 thegem-custom-69f50eaa22aac2877\"><div class=\"vc_column-inner thegem-custom-inner-69f50eaa22aad\"><div class=\"wpb_wrapper thegem-custom-69f50eaa22aac2877\"><\/div><\/div><\/div><div class=\"wpb_column vc_column_container vc_col-sm-6 thegem-custom-69f50eaa22bfe8304\"><div class=\"vc_column-inner thegem-custom-inner-69f50eaa22bff\"><div class=\"wpb_wrapper thegem-custom-69f50eaa22bfe8304\"><div class=\"clearboth\"><\/div><style>#thegem-divider-69f50eaa22c58 {margin-top: 60px !important;}<\/style><div id=\"thegem-divider-69f50eaa22c58\" class=\"gem-divider\" style=\"\" ><\/div>\r\n\t\r\n\t\t<div class=\"wpb_text_column wpb_content_element  thegem-vc-text thegem-custom-69f50eaa22d124209\"  >\r\n\t\t\t<div class=\"wpb_wrapper\">\r\n\t\t\t\t<div class=\"styled-subtitle\"><span style=\"color: #ffffff;\">Lanzamiento:<\/span><\/div>\n\r\n\t\t\t<\/div>\r\n\t\t\t<style>@media screen and (max-width: 1023px) {.thegem-vc-text.thegem-custom-69f50eaa22d124209{display: block!important;}}@media screen and (max-width: 767px) {.thegem-vc-text.thegem-custom-69f50eaa22d124209{display: block!important;}}@media screen and (max-width: 1023px) {.thegem-vc-text.thegem-custom-69f50eaa22d124209{position: relative !important;}}@media screen and (max-width: 767px) {.thegem-vc-text.thegem-custom-69f50eaa22d124209{position: relative !important;}}<\/style>\r\n\t\t<\/div>\r\n\t\r\n\r\n\t\r\n\t\t<div class=\"wpb_text_column wpb_content_element  thegem-vc-text thegem-custom-69f50eaa22dce534\"  >\r\n\t\t\t<div class=\"wpb_wrapper\">\r\n\t\t\t\t<div class=\"title-h3\" style=\"text-align: center;\"><strong><span style=\"color: #ffffff;\">NUEVA METODOLOG\u00cdA EN MARKETING NUNCA ANTES VISTA EN EL MERCADO. CREA ESTRATEGIAS QUE ENAMOREN A TUS CLIENTES.<\/span><\/strong><\/div>\n\r\n\t\t\t<\/div>\r\n\t\t\t<style>@media screen and (max-width: 1023px) {.thegem-vc-text.thegem-custom-69f50eaa22dce534{display: block!important;}}@media screen and (max-width: 767px) {.thegem-vc-text.thegem-custom-69f50eaa22dce534{display: block!important;}}@media screen and (max-width: 1023px) {.thegem-vc-text.thegem-custom-69f50eaa22dce534{position: relative !important;}}@media screen and (max-width: 767px) {.thegem-vc-text.thegem-custom-69f50eaa22dce534{position: relative !important;}}<\/style>\r\n\t\t<\/div>\r\n\t\r\n\r\n\t\r\n\t\t<div class=\"wpb_text_column wpb_content_element  thegem-vc-text thegem-custom-69f50eaa22e6f6905\"  >\r\n\t\t\t<div class=\"wpb_wrapper\">\r\n\t\t\t\t<p style=\"text-align: center;\"><span style=\"color: #ffffff;\">M\u00e1s de 7 centenas de inscritos, no puedes perderte esta gran oportunidad de adquirir un ejemplar con un gran descuento. No te pierdas tu copia y haz clic ahora&gt;&gt;<a class=\"ppsClickBinded\" style=\"color: #ffffff; text-decoration: none;\" href=\"#ppsShowPopUp_101\">.<\/a><\/span><\/p>\n\r\n\t\t\t<\/div>\r\n\t\t\t<style>@media screen and (max-width: 1023px) {.thegem-vc-text.thegem-custom-69f50eaa22e6f6905{display: block!important;}}@media screen and (max-width: 767px) {.thegem-vc-text.thegem-custom-69f50eaa22e6f6905{display: block!important;}}@media screen and (max-width: 1023px) {.thegem-vc-text.thegem-custom-69f50eaa22e6f6905{position: relative !important;}}@media screen and (max-width: 767px) {.thegem-vc-text.thegem-custom-69f50eaa22e6f6905{position: relative !important;}}<\/style>\r\n\t\t<\/div>\r\n\t\r\n<style type=\"text\/css\">.thegem-button-69f50eaa22f1f9647 .gem-button svg {fill: #ffffff;}.thegem-button-69f50eaa22f1f9647 .gem-button:hover svg {fill: #ffffff;}<\/style><div class=\"gem-button-container gem-button-position-center thegem-button-69f50eaa22f1f9647 popmake-36979\"  ><a class=\"gem-button gem-button-size-medium gem-button-style-flat gem-button-text-weight-normal gem-button-icon-position-right\" data-ll-effect=\"drop-right-without-wrap\" style=\"border-radius: 10px;background-color: #451e3a;color: #ffffff;\" onmouseleave=\"this.style.backgroundColor='#451e3a';this.style.color='#ffffff';\" onmouseenter=\"this.style.backgroundColor='#993651';this.style.color='#ffffff';\" href=\"#\" target=\"_self\" role=\"button\">I'M INTERESTED<i class=\"gem-print-icon gem-icon-pack-material\">&#xf20f;<\/i><\/a><\/div> <div class=\"clearboth\"><\/div><style>#thegem-divider-69f50eaa22f44 {margin-bottom: 60px !important;}<\/style><div id=\"thegem-divider-69f50eaa22f44\" class=\"gem-divider\" style=\"\" ><\/div><\/div><\/div><\/div><div class=\"wpb_column vc_column_container vc_col-sm-3 thegem-custom-69f50eaa2308b612\"><div class=\"vc_column-inner thegem-custom-inner-69f50eaa2308c\"><div class=\"wpb_wrapper thegem-custom-69f50eaa2308b612\"><\/div><\/div><\/div><\/div><\/div><\/div><\/div><\/div><\/div><\/div><div class=\"vc_row-full-width vc_clearfix\"><\/div>\n<\/div>","protected":false},"excerpt":{"rendered":"","protected":false},"author":1,"featured_media":0,"parent":36780,"menu_order":0,"comment_status":"closed","ping_status":"closed","template":"","meta":{"footnotes":""},"class_list":["post-35654","page","type-page","status-publish"],"yoast_head":"<!-- This site is optimized with the Yoast SEO Premium plugin v18.4 (Yoast SEO v27.4) - https:\/\/yoast.com\/product\/yoast-seo-premium-wordpress\/ -->\n<title>Marketing Diadico | Xavier Quim\u00ed<\/title>\n<meta name=\"robots\" content=\"index, follow, max-snippet:-1, max-image-preview:large, max-video-preview:-1\" \/>\n<link rel=\"canonical\" href=\"https:\/\/xavierquimi.com\/en\/libros\/marketing-diadico\/\" \/>\n<meta property=\"og:locale\" content=\"en_US\" \/>\n<meta property=\"og:type\" content=\"article\" \/>\n<meta property=\"og:title\" content=\"Marketing Diadico\" \/>\n<meta property=\"og:url\" content=\"https:\/\/xavierquimi.com\/en\/libros\/marketing-diadico\/\" \/>\n<meta property=\"og:site_name\" content=\"Xavier Quim\u00ed\" \/>\n<meta property=\"article:publisher\" content=\"https:\/\/www.facebook.com\/xavierquimic\" \/>\n<meta property=\"article:modified_time\" content=\"2022-08-29T00:42:06+00:00\" \/>\n<meta name=\"twitter:card\" content=\"summary_large_image\" \/>\n<meta name=\"twitter:site\" content=\"@sxquimi\" \/>\n<meta name=\"twitter:label1\" content=\"Est. reading time\" \/>\n\t<meta name=\"twitter:data1\" content=\"1 minute\" \/>\n<script type=\"application\/ld+json\" class=\"yoast-schema-graph\">{\"@context\":\"https:\\\/\\\/schema.org\",\"@graph\":[{\"@type\":\"WebPage\",\"@id\":\"https:\\\/\\\/xavierquimi.com\\\/libros\\\/marketing-diadico\\\/\",\"url\":\"https:\\\/\\\/xavierquimi.com\\\/libros\\\/marketing-diadico\\\/\",\"name\":\"Marketing Diadico | Xavier Quim\u00ed\",\"isPartOf\":{\"@id\":\"https:\\\/\\\/xavierquimi.com\\\/#website\"},\"datePublished\":\"2022-03-07T01:26:42+00:00\",\"dateModified\":\"2022-08-29T00:42:06+00:00\",\"breadcrumb\":{\"@id\":\"https:\\\/\\\/xavierquimi.com\\\/libros\\\/marketing-diadico\\\/#breadcrumb\"},\"inLanguage\":\"en-US\",\"potentialAction\":[{\"@type\":\"ReadAction\",\"target\":[\"https:\\\/\\\/xavierquimi.com\\\/libros\\\/marketing-diadico\\\/\"]}]},{\"@type\":\"BreadcrumbList\",\"@id\":\"https:\\\/\\\/xavierquimi.com\\\/libros\\\/marketing-diadico\\\/#breadcrumb\",\"itemListElement\":[{\"@type\":\"ListItem\",\"position\":1,\"name\":\"Portada\",\"item\":\"https:\\\/\\\/xavierquimi.com\\\/\"},{\"@type\":\"ListItem\",\"position\":2,\"name\":\"libros\",\"item\":\"https:\\\/\\\/xavierquimi.com\\\/libros\\\/\"},{\"@type\":\"ListItem\",\"position\":3,\"name\":\"Marketing Diadico\"}]},{\"@type\":\"WebSite\",\"@id\":\"https:\\\/\\\/xavierquimi.com\\\/#website\",\"url\":\"https:\\\/\\\/xavierquimi.com\\\/\",\"name\":\"Xavier Quim\u00ed\",\"description\":\"Estrategias para Negocios Online.\",\"publisher\":{\"@id\":\"https:\\\/\\\/xavierquimi.com\\\/#\\\/schema\\\/person\\\/1b1d557cb0e54d87de2102227fbe83ff\"},\"potentialAction\":[{\"@type\":\"SearchAction\",\"target\":{\"@type\":\"EntryPoint\",\"urlTemplate\":\"https:\\\/\\\/xavierquimi.com\\\/?s={search_term_string}\"},\"query-input\":{\"@type\":\"PropertyValueSpecification\",\"valueRequired\":true,\"valueName\":\"search_term_string\"}}],\"inLanguage\":\"en-US\"},{\"@type\":[\"Person\",\"Organization\"],\"@id\":\"https:\\\/\\\/xavierquimi.com\\\/#\\\/schema\\\/person\\\/1b1d557cb0e54d87de2102227fbe83ff\",\"name\":\"Xavier Quim\u00ed Ca\u00f1arte\",\"image\":{\"@type\":\"ImageObject\",\"inLanguage\":\"en-US\",\"@id\":\"https:\\\/\\\/xavierquimi.com\\\/wp-content\\\/uploads\\\/2020\\\/12\\\/xavierquimi-200px.jpg\",\"url\":\"https:\\\/\\\/xavierquimi.com\\\/wp-content\\\/uploads\\\/2020\\\/12\\\/xavierquimi-200px.jpg\",\"contentUrl\":\"https:\\\/\\\/xavierquimi.com\\\/wp-content\\\/uploads\\\/2020\\\/12\\\/xavierquimi-200px.jpg\",\"width\":200,\"height\":229,\"caption\":\"Xavier Quim\u00ed Ca\u00f1arte\"},\"logo\":{\"@id\":\"https:\\\/\\\/xavierquimi.com\\\/wp-content\\\/uploads\\\/2020\\\/12\\\/xavierquimi-200px.jpg\"},\"description\":\"Dise\u00f1o sistemas de crecimiento donde experiencia, datos y automatizaci\u00f3n se convierten en decisiones claras y resultados medibles. Si este art\u00edculo te hizo replantear c\u00f3mo est\u00e1s dise\u00f1ando tus experiencias, conversemos.\",\"sameAs\":[\"https:\\\/\\\/xavierquimi.com\",\"https:\\\/\\\/www.facebook.com\\\/xavierquimic\",\"https:\\\/\\\/www.linkedin.com\\\/in\\\/xavierquimi\\\/\",\"https:\\\/\\\/x.com\\\/@sxquimi\"]}]}<\/script>\n<!-- \/ Yoast SEO Premium plugin. -->","yoast_head_json":{"title":"Marketing Diadico | Xavier Quim\u00ed","robots":{"index":"index","follow":"follow","max-snippet":"max-snippet:-1","max-image-preview":"max-image-preview:large","max-video-preview":"max-video-preview:-1"},"canonical":"https:\/\/xavierquimi.com\/en\/libros\/marketing-diadico\/","og_locale":"en_US","og_type":"article","og_title":"Marketing Diadico","og_url":"https:\/\/xavierquimi.com\/en\/libros\/marketing-diadico\/","og_site_name":"Xavier Quim\u00ed","article_publisher":"https:\/\/www.facebook.com\/xavierquimic","article_modified_time":"2022-08-29T00:42:06+00:00","twitter_card":"summary_large_image","twitter_site":"@sxquimi","twitter_misc":{"Est. reading time":"1 minute"},"schema":{"@context":"https:\/\/schema.org","@graph":[{"@type":"WebPage","@id":"https:\/\/xavierquimi.com\/libros\/marketing-diadico\/","url":"https:\/\/xavierquimi.com\/libros\/marketing-diadico\/","name":"Marketing Diadico | Xavier Quim\u00ed","isPartOf":{"@id":"https:\/\/xavierquimi.com\/#website"},"datePublished":"2022-03-07T01:26:42+00:00","dateModified":"2022-08-29T00:42:06+00:00","breadcrumb":{"@id":"https:\/\/xavierquimi.com\/libros\/marketing-diadico\/#breadcrumb"},"inLanguage":"en-US","potentialAction":[{"@type":"ReadAction","target":["https:\/\/xavierquimi.com\/libros\/marketing-diadico\/"]}]},{"@type":"BreadcrumbList","@id":"https:\/\/xavierquimi.com\/libros\/marketing-diadico\/#breadcrumb","itemListElement":[{"@type":"ListItem","position":1,"name":"Portada","item":"https:\/\/xavierquimi.com\/"},{"@type":"ListItem","position":2,"name":"libros","item":"https:\/\/xavierquimi.com\/libros\/"},{"@type":"ListItem","position":3,"name":"Marketing Diadico"}]},{"@type":"WebSite","@id":"https:\/\/xavierquimi.com\/#website","url":"https:\/\/xavierquimi.com\/","name":"Xavier Quim\u00ed","description":"Estrategias para Negocios Online.","publisher":{"@id":"https:\/\/xavierquimi.com\/#\/schema\/person\/1b1d557cb0e54d87de2102227fbe83ff"},"potentialAction":[{"@type":"SearchAction","target":{"@type":"EntryPoint","urlTemplate":"https:\/\/xavierquimi.com\/?s={search_term_string}"},"query-input":{"@type":"PropertyValueSpecification","valueRequired":true,"valueName":"search_term_string"}}],"inLanguage":"en-US"},{"@type":["Person","Organization"],"@id":"https:\/\/xavierquimi.com\/#\/schema\/person\/1b1d557cb0e54d87de2102227fbe83ff","name":"Xavier Quim\u00ed Ca\u00f1arte","image":{"@type":"ImageObject","inLanguage":"en-US","@id":"https:\/\/xavierquimi.com\/wp-content\/uploads\/2020\/12\/xavierquimi-200px.jpg","url":"https:\/\/xavierquimi.com\/wp-content\/uploads\/2020\/12\/xavierquimi-200px.jpg","contentUrl":"https:\/\/xavierquimi.com\/wp-content\/uploads\/2020\/12\/xavierquimi-200px.jpg","width":200,"height":229,"caption":"Xavier Quim\u00ed Ca\u00f1arte"},"logo":{"@id":"https:\/\/xavierquimi.com\/wp-content\/uploads\/2020\/12\/xavierquimi-200px.jpg"},"description":"Dise\u00f1o sistemas de crecimiento donde experiencia, datos y automatizaci\u00f3n se convierten en decisiones claras y resultados medibles. Si este art\u00edculo te hizo replantear c\u00f3mo est\u00e1s dise\u00f1ando tus experiencias, conversemos.","sameAs":["https:\/\/xavierquimi.com","https:\/\/www.facebook.com\/xavierquimic","https:\/\/www.linkedin.com\/in\/xavierquimi\/","https:\/\/x.com\/@sxquimi"]}]}},"_links":{"self":[{"href":"https:\/\/xavierquimi.com\/en\/wp-json\/wp\/v2\/pages\/35654","targetHints":{"allow":["GET"]}}],"collection":[{"href":"https:\/\/xavierquimi.com\/en\/wp-json\/wp\/v2\/pages"}],"about":[{"href":"https:\/\/xavierquimi.com\/en\/wp-json\/wp\/v2\/types\/page"}],"author":[{"embeddable":true,"href":"https:\/\/xavierquimi.com\/en\/wp-json\/wp\/v2\/users\/1"}],"replies":[{"embeddable":true,"href":"https:\/\/xavierquimi.com\/en\/wp-json\/wp\/v2\/comments?post=35654"}],"version-history":[{"count":0,"href":"https:\/\/xavierquimi.com\/en\/wp-json\/wp\/v2\/pages\/35654\/revisions"}],"up":[{"embeddable":true,"href":"https:\/\/xavierquimi.com\/en\/wp-json\/wp\/v2\/pages\/36780"}],"wp:attachment":[{"href":"https:\/\/xavierquimi.com\/en\/wp-json\/wp\/v2\/media?parent=35654"}],"curies":[{"name":"wp","href":"https:\/\/api.w.org\/{rel}","templated":true}]}}