{"id":30991,"date":"2020-12-02T12:40:28","date_gmt":"2020-12-02T17:40:28","guid":{"rendered":"https:\/\/xavierquimi.com\/?page_id=30991"},"modified":"2022-08-31T18:35:33","modified_gmt":"2022-08-31T23:35:33","slug":"contacto","status":"publish","type":"page","link":"https:\/\/xavierquimi.com\/en\/contacto\/","title":{"rendered":"contacto"},"content":{"rendered":"<div class=\"wpb-content-wrapper\"><div id=\"vc_row-69f31a230c208\" class=\"vc_row wpb_row vc_row-fluid vc_custom_1458232460397 thegem-custom-69f31a230c1f66320\"><div class=\"wpb_column vc_column_container vc_col-sm-11 thegem-custom-69f31a230c3e0536\" ><div class=\"vc_column-inner thegem-custom-inner-69f31a230c3e1\"><div class=\"wpb_wrapper thegem-custom-69f31a230c3e0536\"><div class=\"clearboth\"><\/div><style>#thegem-divider-69f31a230c48f {margin-top: 60px !important;}<\/style><div id=\"thegem-divider-69f31a230c48f\" class=\"gem-divider\" style=\"\" ><\/div><div class=\"clearboth\"><\/div><style>#thegem-divider-69f31a230c4ad {margin-top: 60px !important;}<\/style><div id=\"thegem-divider-69f31a230c4ad\" class=\"gem-divider\" style=\"\" ><\/div><div class=\"gem-icon-with-text gem-icon-with-text-icon-size-large gem-icon-with-text-float-right\" ><div style=\"margin-bottom:0px;margin-top:0px; \" class=\"gem-icon-with-text-icon\"><div class=\"gem-icon gem-icon-pack-elegant gem-icon-size-large  gem-icon-shape-square gem-simple-icon\"  style=\"opacity: 1;\"><div class=\"gem-icon-inner\" style=\"\"><span class=\"gem-icon-half-1\" style=\"color: #00b1f2;\"><span class=\"back-angle\">&#xe076;<\/span><\/span><span class=\"gem-icon-half-2\" style=\"color: #00b1f2;\"><span class=\"back-angle\">&#xe076;<\/span><\/span><\/div><\/div><\/div><div class=\"gem-icon-with-text-content\" ><div class=\"gem-icon-with-text-text\">\r\n\t\r\n\t\t<div class=\"wpb_text_column wpb_content_element  thegem-vc-text thegem-custom-69f31a230c5ef6117\"  >\r\n\t\t\t<div class=\"wpb_wrapper\">\r\n\t\t\t\t<div class=\"title-h1\"><span class=\"light\">HABLEMOS PARA QUE DESCUBRAS LA RUTA PARA SER \u00daNICO<br \/>\n<\/span><\/div>\n\r\n\t\t\t<\/div>\r\n\t\t\t<style>@media screen and (max-width: 1023px) {.thegem-vc-text.thegem-custom-69f31a230c5ef6117{display: block!important;}}@media screen and (max-width: 767px) {.thegem-vc-text.thegem-custom-69f31a230c5ef6117{display: block!important;}}@media screen and (max-width: 1023px) {.thegem-vc-text.thegem-custom-69f31a230c5ef6117{position: relative !important;}}@media screen and (max-width: 767px) {.thegem-vc-text.thegem-custom-69f31a230c5ef6117{position: relative !important;}}<\/style>\r\n\t\t<\/div>\r\n\t\r\n<\/div><\/div><div class=\"clearboth\"><\/div><\/div><\/div><\/div><\/div><\/div><div id=\"vc_row-69f31a230c829\" class=\"vc_row wpb_row vc_row-fluid thegem-custom-69f31a230c8236145\"><div class=\"wpb_column vc_column_container vc_col-sm-12 thegem-custom-69f31a230c9982193\" ><div class=\"vc_column-inner thegem-custom-inner-69f31a230c999\"><div class=\"wpb_wrapper thegem-custom-69f31a230c9982193\">\r\n\t\r\n\t\t<div class=\"wpb_text_column wpb_content_element  thegem-vc-text thegem-custom-69f31a230ca4d5423\"  >\r\n\t\t\t<div class=\"wpb_wrapper\">\r\n\t\t\t\t<div class=\"forminator-ui forminator-custom-form forminator-custom-form-37028 forminator-design--material\" data-forminator-render=\"0\" data-form=\"forminator-module-37028\" data-uid=\"69f31a230ca96\"><br\/><\/div><form\n\t\t\t\tid=\"forminator-module-37028\"\n\t\t\t\tclass=\"forminator-ui forminator-custom-form forminator-custom-form-37028 forminator-design--material\"\n\t\t\t\tmethod=\"post\"\n\t\t\t\tdata-forminator-render=\"0\"\n\t\t\t\tdata-form-id=\"37028\"\n\t\t\t\t data-color-option=\"default\" data-design=\"material\" data-grid=\"open\" style=\"display: none;\"\n\t\t\t\tdata-uid=\"69f31a230ca96\" action=\"\"\n\t\t\t><div role=\"alert\" aria-live=\"polite\" class=\"forminator-response-message forminator-error\" aria-hidden=\"true\"><\/div><div class=\"forminator-row\"><div id=\"name-1\" class=\"forminator-field-name forminator-col forminator-col-12\"><div class=\"forminator-field\"><label for=\"forminator-field-name-1_69f31a230ca96\" id=\"forminator-field-name-1_69f31a230ca96-label\" class=\"forminator-label\">Nombre <span class=\"forminator-required\">*<\/span><\/label><input type=\"text\" name=\"name-1\" value=\"\" placeholder=\"Ejemplo: Juan\" id=\"forminator-field-name-1_69f31a230ca96\" class=\"forminator-input forminator-name--field\" aria-required=\"true\" autocomplete=\"name\" \/><\/div><\/div><\/div><div class=\"forminator-row\"><div id=\"email-1\" class=\"forminator-field-email forminator-col forminator-col-12\"><div class=\"forminator-field\"><label for=\"forminator-field-email-1_69f31a230ca96\" id=\"forminator-field-email-1_69f31a230ca96-label\" class=\"forminator-label\">E-mail <span class=\"forminator-required\">*<\/span><\/label><input type=\"email\" name=\"email-1\" value=\"\" placeholder=\"Ej . : john@doe.com\" id=\"forminator-field-email-1_69f31a230ca96\" class=\"forminator-input forminator-email--field\" data-required=\"true\" aria-required=\"true\" autocomplete=\"email\" \/><\/div><\/div><\/div><div class=\"forminator-row\"><div id=\"textarea-1\" class=\"forminator-field-textarea forminator-col forminator-col-12\"><div class=\"forminator-field\"><label for=\"forminator-field-textarea-1_69f31a230ca96\" id=\"forminator-field-textarea-1_69f31a230ca96-label\" class=\"forminator-label\">What type of business do you have and what sector does it belong to?<\/label><textarea name=\"textarea-1\" placeholder=\"Ejemplo: tengo una tienda electr\u00f3nica de ropa, tengo un blog personal, etc.\" id=\"forminator-field-textarea-1_69f31a230ca96\" class=\"forminator-textarea\" rows=\"6\" style=\"--forminator-textarea-min-height:140px;\" ><\/textarea><\/div><\/div><\/div><input type=\"hidden\" name=\"referer_url\" value=\"\" \/><div class=\"forminator-row forminator-row-last\"><div class=\"forminator-col\"><div class=\"forminator-field\"><button class=\"forminator-button forminator-button-submit\"><span>QUIERO SER &Uacute;NICO<\/span><span aria-hidden=\"true\"><\/span><\/button><\/div><\/div><\/div><input type=\"hidden\" id=\"forminator_nonce\" name=\"forminator_nonce\" value=\"68aabd0dfd\" \/><input type=\"hidden\" name=\"_wp_http_referer\" value=\"\/en\/wp-json\/wp\/v2\/pages\/30991\" \/><input type=\"hidden\" name=\"form_id\" value=\"37028\"><input type=\"hidden\" name=\"page_id\" value=\"30991\"><input type=\"hidden\" name=\"form_type\" value=\"default\"><input type=\"hidden\" name=\"current_url\" value=\"https:\/\/xavierquimi.com\/en\/contacto\/\"><input type=\"hidden\" name=\"render_id\" value=\"0\"><input type=\"hidden\" name=\"action\" value=\"forminator_submit_form_custom-forms\"><label for=\"input_4\" class=\"forminator-hidden\" aria-hidden=\"true\">Please do not fill in this field. <input id=\"input_4\" type=\"text\" name=\"input_4\" value=\"\" autocomplete=\"off\"><\/label><input type=\"hidden\" name=\"trp-form-language\" value=\"en\"\/><\/form>\n\r\n\t\t\t<\/div>\r\n\t\t\t<style>@media screen and (max-width: 1023px) {.thegem-vc-text.thegem-custom-69f31a230ca4d5423{display: block!important;}}@media screen and (max-width: 767px) {.thegem-vc-text.thegem-custom-69f31a230ca4d5423{display: block!important;}}@media screen and (max-width: 1023px) {.thegem-vc-text.thegem-custom-69f31a230ca4d5423{position: relative !important;}}@media screen and (max-width: 767px) {.thegem-vc-text.thegem-custom-69f31a230ca4d5423{position: relative !important;}}<\/style>\r\n\t\t<\/div>\r\n\t\r\n<\/div><\/div><\/div><\/div><div id=\"vc_row-69f31a2310ea7\" class=\"vc_row wpb_row vc_row-fluid thegem-custom-69f31a2310ea18631\"><div class=\"wpb_column vc_column_container vc_col-sm-12 thegem-custom-69f31a23110317404\" ><div class=\"vc_column-inner thegem-custom-inner-69f31a2311032\"><div class=\"wpb_wrapper thegem-custom-69f31a23110317404\"><div class=\"quickfinder quickfinder-style-classic row inline-row quickfinder-icon-position-top quickfinder-alignment-center quickfinder-title-thin\"><div id=\"post-31001\" class=\"quickfinder-item inline-column col-md-6 col-sm-6 col-xs-12 quickfinder-item-effect-background-reverse icon-size-medium quickfinder-box-style-solid post-31001 thegem_qf_item type-thegem_qf_item status-publish\" data-ll-item-delay=\"0\"> <div class=\"quickfinder-item-box\" style=\"\"> <div class=\"quickfinder-item-inner\"> <div class=\"quickfinder-item-image\"> <div class=\"quickfinder-item-image-content\" > <div class=\"quickfinder-item-image-wrapper\"> <div class=\"gem-icon gem-icon-pack-material gem-icon-size-medium gem-icon-shape-circle\" style=\"border-color: #00b1f2;opacity: 1;\"><div class=\"gem-icon-inner\" style=\"background-color: #00b1f2;\"><span class=\"gem-icon-half-1\" style=\"color: #ffffff;\"><span class=\"back-angle\">&#xf5d5;<\/span><\/span><span class=\"gem-icon-half-2\" style=\"color: #ffffff;\"><span class=\"back-angle\">&#xf5d5;<\/span><\/span><\/div><\/div> <\/div> <\/div> <\/div> <div class=\"quickfinder-item-info-wrapper\"> <div class=\"quickfinder-item-info\" > <div class=\"quickfinder-item-title\" style=\"color: #00b1f2;\">Click here<\/div> <\/div> <\/div> <\/div> <\/div> <a href=\"https:\/\/api.whatsapp.com\/send?phone=593995157252&#038;text=Hola,%20%20desear\u00eda%20informaci\u00f3n%20acerca%20de:\" target=\"_self\" class=\"quickfinder-item-link\" aria-label=\"Click here\"><\/a> <\/div> <div id=\"post-31002\" class=\"quickfinder-item inline-column col-md-6 col-sm-6 col-xs-12 quickfinder-item-effect-background-reverse icon-size-medium quickfinder-box-style-solid post-31002 thegem_qf_item type-thegem_qf_item status-publish\" data-ll-item-delay=\"0\"> <div class=\"quickfinder-item-box\" style=\"\"> <div class=\"quickfinder-item-inner\"> <div class=\"quickfinder-item-image\"> <div class=\"quickfinder-item-image-content\" > <div class=\"quickfinder-item-image-wrapper\"> <div class=\"gem-icon gem-icon-pack-material gem-icon-size-medium gem-icon-shape-circle\" style=\"border-color: #00b1f2;opacity: 1;\"><div class=\"gem-icon-inner\" style=\"background-color: #00b1f2;\"><span class=\"gem-icon-half-1\" style=\"color: #ffffff;\"><span class=\"back-angle\">&#xf2ca;<\/span><\/span><span class=\"gem-icon-half-2\" style=\"color: #ffffff;\"><span class=\"back-angle\">&#xf2ca;<\/span><\/span><\/div><\/div> <\/div> <\/div> <\/div> <div class=\"quickfinder-item-info-wrapper\"> <div class=\"quickfinder-item-info\" > <div class=\"quickfinder-item-title\" style=\"color: #00b1f2;\">Start Messenger here<\/div> <\/div> <\/div> <\/div> <\/div> <a href=\"https:\/\/bit.ly\/2HaZGKG\" target=\"_self\" class=\"quickfinder-item-link\" aria-label=\"Start Messenger here\"><\/a> <\/div> <\/div>\r\n\t\r\n\t<div  class=\"wpb_single_image wpb_content_element vc_align_center\" >\r\n\t\t\r\n\t\t<figure class=\"wpb_wrapper vc_figure\">\r\n\t\t\t<a href=\"https:\/\/xavierquimi.com\/como-crear-marca-personal\/\" target=\"_blank\" class=\"vc_single_image-wrapper   vc_box_border_grey\"><\/a>\r\n\t\t<\/figure>\r\n\t<\/div>\r\n\t\r\n<div class=\"gem-button-container gem-button-position-center thegem-button-69f31a231699f9520\"  ><a class=\"gem-button gem-button-size-medium gem-button-style-flat gem-button-text-weight-normal gem-button-icon-position-right\" data-ll-effect=\"drop-right-without-wrap\" style=\"border-radius: 3px;background-color: #00b0f0;\" onmouseleave=\"this.style.backgroundColor='#00b0f0';\" onmouseenter=\"this.style.backgroundColor='#7ccad3';\" href=\"https:\/\/xavierquimi.com\/como-crear-marca-personal\/\" target=\"_blank\">I WANT TO DISCOVER<i class=\"gem-print-icon gem-icon-pack-material\">&#xf35b;<\/i><\/a><\/div> <\/div><\/div><\/div><\/div>\n<\/div>","protected":false},"excerpt":{"rendered":"","protected":false},"author":1,"featured_media":0,"parent":0,"menu_order":0,"comment_status":"closed","ping_status":"closed","template":"","meta":{"footnotes":""},"class_list":["post-30991","page","type-page","status-publish"],"yoast_head":"<!-- This site is optimized with the Yoast SEO Premium plugin v18.4 (Yoast SEO v27.4) - https:\/\/yoast.com\/product\/yoast-seo-premium-wordpress\/ -->\n<title>Xavier Quim\u00ed | Estrategias Digitales para e-commerce<\/title>\n<meta name=\"description\" content=\"No pierdas m\u00e1s tu tiempo, empieza a ser \u00fanico, d\u00e9jame saber de tu negocio y trabajar ya en las mejoras que necesitas.\" \/>\n<meta name=\"robots\" content=\"index, follow, max-snippet:-1, max-image-preview:large, max-video-preview:-1\" \/>\n<link rel=\"canonical\" href=\"https:\/\/xavierquimi.com\/en\/contacto\/\" \/>\n<meta property=\"og:locale\" content=\"en_US\" \/>\n<meta property=\"og:type\" content=\"article\" \/>\n<meta property=\"og:title\" content=\"contacto\" \/>\n<meta property=\"og:description\" content=\"No pierdas m\u00e1s tu tiempo, empieza a ser \u00fanico, d\u00e9jame saber de tu negocio y trabajar ya en las mejoras que necesitas.\" \/>\n<meta property=\"og:url\" content=\"https:\/\/xavierquimi.com\/en\/contacto\/\" \/>\n<meta property=\"og:site_name\" content=\"Xavier Quim\u00ed\" \/>\n<meta property=\"article:publisher\" content=\"https:\/\/www.facebook.com\/xavierquimic\" \/>\n<meta property=\"article:modified_time\" content=\"2022-08-31T23:35:33+00:00\" \/>\n<meta name=\"twitter:card\" content=\"summary_large_image\" \/>\n<meta name=\"twitter:site\" content=\"@sxquimi\" \/>\n<meta name=\"twitter:label1\" content=\"Est. reading time\" \/>\n\t<meta name=\"twitter:data1\" content=\"1 minute\" \/>\n<script type=\"application\/ld+json\" class=\"yoast-schema-graph\">{\"@context\":\"https:\\\/\\\/schema.org\",\"@graph\":[{\"@type\":\"WebPage\",\"@id\":\"https:\\\/\\\/xavierquimi.com\\\/contacto\\\/\",\"url\":\"https:\\\/\\\/xavierquimi.com\\\/contacto\\\/\",\"name\":\"Xavier Quim\u00ed | Estrategias Digitales para e-commerce\",\"isPartOf\":{\"@id\":\"https:\\\/\\\/xavierquimi.com\\\/#website\"},\"datePublished\":\"2020-12-02T17:40:28+00:00\",\"dateModified\":\"2022-08-31T23:35:33+00:00\",\"description\":\"No pierdas m\u00e1s tu tiempo, empieza a ser \u00fanico, d\u00e9jame saber de tu negocio y trabajar ya en las mejoras que necesitas.\",\"breadcrumb\":{\"@id\":\"https:\\\/\\\/xavierquimi.com\\\/contacto\\\/#breadcrumb\"},\"inLanguage\":\"en-US\",\"potentialAction\":[{\"@type\":\"ReadAction\",\"target\":[\"https:\\\/\\\/xavierquimi.com\\\/contacto\\\/\"]}]},{\"@type\":\"BreadcrumbList\",\"@id\":\"https:\\\/\\\/xavierquimi.com\\\/contacto\\\/#breadcrumb\",\"itemListElement\":[{\"@type\":\"ListItem\",\"position\":1,\"name\":\"Portada\",\"item\":\"https:\\\/\\\/xavierquimi.com\\\/\"},{\"@type\":\"ListItem\",\"position\":2,\"name\":\"contacto\"}]},{\"@type\":\"WebSite\",\"@id\":\"https:\\\/\\\/xavierquimi.com\\\/#website\",\"url\":\"https:\\\/\\\/xavierquimi.com\\\/\",\"name\":\"Xavier Quim\u00ed\",\"description\":\"Estrategias para Negocios Online.\",\"publisher\":{\"@id\":\"https:\\\/\\\/xavierquimi.com\\\/#\\\/schema\\\/person\\\/1b1d557cb0e54d87de2102227fbe83ff\"},\"potentialAction\":[{\"@type\":\"SearchAction\",\"target\":{\"@type\":\"EntryPoint\",\"urlTemplate\":\"https:\\\/\\\/xavierquimi.com\\\/?s={search_term_string}\"},\"query-input\":{\"@type\":\"PropertyValueSpecification\",\"valueRequired\":true,\"valueName\":\"search_term_string\"}}],\"inLanguage\":\"en-US\"},{\"@type\":[\"Person\",\"Organization\"],\"@id\":\"https:\\\/\\\/xavierquimi.com\\\/#\\\/schema\\\/person\\\/1b1d557cb0e54d87de2102227fbe83ff\",\"name\":\"Xavier Quim\u00ed Ca\u00f1arte\",\"image\":{\"@type\":\"ImageObject\",\"inLanguage\":\"en-US\",\"@id\":\"https:\\\/\\\/xavierquimi.com\\\/wp-content\\\/uploads\\\/2020\\\/12\\\/xavierquimi-200px.jpg\",\"url\":\"https:\\\/\\\/xavierquimi.com\\\/wp-content\\\/uploads\\\/2020\\\/12\\\/xavierquimi-200px.jpg\",\"contentUrl\":\"https:\\\/\\\/xavierquimi.com\\\/wp-content\\\/uploads\\\/2020\\\/12\\\/xavierquimi-200px.jpg\",\"width\":200,\"height\":229,\"caption\":\"Xavier Quim\u00ed Ca\u00f1arte\"},\"logo\":{\"@id\":\"https:\\\/\\\/xavierquimi.com\\\/wp-content\\\/uploads\\\/2020\\\/12\\\/xavierquimi-200px.jpg\"},\"description\":\"Dise\u00f1o sistemas de crecimiento donde experiencia, datos y automatizaci\u00f3n se convierten en decisiones claras y resultados medibles. Si este art\u00edculo te hizo replantear c\u00f3mo est\u00e1s dise\u00f1ando tus experiencias, conversemos.\",\"sameAs\":[\"https:\\\/\\\/xavierquimi.com\",\"https:\\\/\\\/www.facebook.com\\\/xavierquimic\",\"https:\\\/\\\/www.linkedin.com\\\/in\\\/xavierquimi\\\/\",\"https:\\\/\\\/x.com\\\/@sxquimi\"]}]}<\/script>\n<!-- \/ Yoast SEO Premium plugin. -->","yoast_head_json":{"title":"Xavier Quim\u00ed | Estrategias Digitales para e-commerce","description":"No pierdas m\u00e1s tu tiempo, empieza a ser \u00fanico, d\u00e9jame saber de tu negocio y trabajar ya en las mejoras que necesitas.","robots":{"index":"index","follow":"follow","max-snippet":"max-snippet:-1","max-image-preview":"max-image-preview:large","max-video-preview":"max-video-preview:-1"},"canonical":"https:\/\/xavierquimi.com\/en\/contacto\/","og_locale":"en_US","og_type":"article","og_title":"contacto","og_description":"No pierdas m\u00e1s tu tiempo, empieza a ser \u00fanico, d\u00e9jame saber de tu negocio y trabajar ya en las mejoras que necesitas.","og_url":"https:\/\/xavierquimi.com\/en\/contacto\/","og_site_name":"Xavier Quim\u00ed","article_publisher":"https:\/\/www.facebook.com\/xavierquimic","article_modified_time":"2022-08-31T23:35:33+00:00","twitter_card":"summary_large_image","twitter_site":"@sxquimi","twitter_misc":{"Est. reading time":"1 minute"},"schema":{"@context":"https:\/\/schema.org","@graph":[{"@type":"WebPage","@id":"https:\/\/xavierquimi.com\/contacto\/","url":"https:\/\/xavierquimi.com\/contacto\/","name":"Xavier Quim\u00ed | Estrategias Digitales para e-commerce","isPartOf":{"@id":"https:\/\/xavierquimi.com\/#website"},"datePublished":"2020-12-02T17:40:28+00:00","dateModified":"2022-08-31T23:35:33+00:00","description":"No pierdas m\u00e1s tu tiempo, empieza a ser \u00fanico, d\u00e9jame saber de tu negocio y trabajar ya en las mejoras que necesitas.","breadcrumb":{"@id":"https:\/\/xavierquimi.com\/contacto\/#breadcrumb"},"inLanguage":"en-US","potentialAction":[{"@type":"ReadAction","target":["https:\/\/xavierquimi.com\/contacto\/"]}]},{"@type":"BreadcrumbList","@id":"https:\/\/xavierquimi.com\/contacto\/#breadcrumb","itemListElement":[{"@type":"ListItem","position":1,"name":"Portada","item":"https:\/\/xavierquimi.com\/"},{"@type":"ListItem","position":2,"name":"contacto"}]},{"@type":"WebSite","@id":"https:\/\/xavierquimi.com\/#website","url":"https:\/\/xavierquimi.com\/","name":"Xavier Quim\u00ed","description":"Estrategias para Negocios Online.","publisher":{"@id":"https:\/\/xavierquimi.com\/#\/schema\/person\/1b1d557cb0e54d87de2102227fbe83ff"},"potentialAction":[{"@type":"SearchAction","target":{"@type":"EntryPoint","urlTemplate":"https:\/\/xavierquimi.com\/?s={search_term_string}"},"query-input":{"@type":"PropertyValueSpecification","valueRequired":true,"valueName":"search_term_string"}}],"inLanguage":"en-US"},{"@type":["Person","Organization"],"@id":"https:\/\/xavierquimi.com\/#\/schema\/person\/1b1d557cb0e54d87de2102227fbe83ff","name":"Xavier Quim\u00ed Ca\u00f1arte","image":{"@type":"ImageObject","inLanguage":"en-US","@id":"https:\/\/xavierquimi.com\/wp-content\/uploads\/2020\/12\/xavierquimi-200px.jpg","url":"https:\/\/xavierquimi.com\/wp-content\/uploads\/2020\/12\/xavierquimi-200px.jpg","contentUrl":"https:\/\/xavierquimi.com\/wp-content\/uploads\/2020\/12\/xavierquimi-200px.jpg","width":200,"height":229,"caption":"Xavier Quim\u00ed Ca\u00f1arte"},"logo":{"@id":"https:\/\/xavierquimi.com\/wp-content\/uploads\/2020\/12\/xavierquimi-200px.jpg"},"description":"Dise\u00f1o sistemas de crecimiento donde experiencia, datos y automatizaci\u00f3n se convierten en decisiones claras y resultados medibles. Si este art\u00edculo te hizo replantear c\u00f3mo est\u00e1s dise\u00f1ando tus experiencias, conversemos.","sameAs":["https:\/\/xavierquimi.com","https:\/\/www.facebook.com\/xavierquimic","https:\/\/www.linkedin.com\/in\/xavierquimi\/","https:\/\/x.com\/@sxquimi"]}]}},"_links":{"self":[{"href":"https:\/\/xavierquimi.com\/en\/wp-json\/wp\/v2\/pages\/30991","targetHints":{"allow":["GET"]}}],"collection":[{"href":"https:\/\/xavierquimi.com\/en\/wp-json\/wp\/v2\/pages"}],"about":[{"href":"https:\/\/xavierquimi.com\/en\/wp-json\/wp\/v2\/types\/page"}],"author":[{"embeddable":true,"href":"https:\/\/xavierquimi.com\/en\/wp-json\/wp\/v2\/users\/1"}],"replies":[{"embeddable":true,"href":"https:\/\/xavierquimi.com\/en\/wp-json\/wp\/v2\/comments?post=30991"}],"version-history":[{"count":0,"href":"https:\/\/xavierquimi.com\/en\/wp-json\/wp\/v2\/pages\/30991\/revisions"}],"wp:attachment":[{"href":"https:\/\/xavierquimi.com\/en\/wp-json\/wp\/v2\/media?parent=30991"}],"curies":[{"name":"wp","href":"https:\/\/api.w.org\/{rel}","templated":true}]}}