{"id":30600,"date":"2020-11-28T19:07:03","date_gmt":"2020-11-29T00:07:03","guid":{"rendered":"https:\/\/xavierquimi.com\/?page_id=30600"},"modified":"2022-08-30T16:33:59","modified_gmt":"2022-08-30T21:33:59","slug":"politica-contratacion-taller","status":"publish","type":"page","link":"https:\/\/xavierquimi.com\/en\/politica-contratacion-taller\/","title":{"rendered":"politica-contratacion-taller"},"content":{"rendered":"<div class=\"wpb-content-wrapper\"><div id=\"vc_row-69f12d6d1b40c\" class=\"vc_row wpb_row vc_row-fluid thegem-custom-69f12d6d1b3ff870\"><div class=\"wpb_column vc_column_container vc_col-sm-12 thegem-custom-69f12d6d1b6031157\" ><div class=\"vc_column-inner thegem-custom-inner-69f12d6d1b604\"><div class=\"wpb_wrapper thegem-custom-69f12d6d1b6031157\"><div class=\"clearboth\"><\/div><style>#thegem-divider-69f12d6d1b6d4 {margin-top: 120px !important;}<\/style><div id=\"thegem-divider-69f12d6d1b6d4\" class=\"gem-divider\" style=\"\" ><\/div><div class=\"vc_row wpb_row vc_inner vc_row-fluid thegem-custom-69f12d6d1b899691 custom-inner-column-69f12d6d1b89d\" ><div class=\"wpb_column vc_column_container vc_col-sm-3 thegem-custom-69f12d6d1ba266157\"><div class=\"vc_column-inner thegem-custom-inner-69f12d6d1ba27\"><div class=\"wpb_wrapper thegem-custom-69f12d6d1ba266157\">\r\n\t\r\n\t\t<div class=\"wpb_text_column wpb_content_element  thegem-vc-text thegem-custom-69f12d6d1bb239828\"  >\r\n\t\t\t<div class=\"wpb_wrapper\">\r\n\t\t\t\t<h4><span style=\"color: #00b1f2;\">TALLERES<\/span><\/h4>\n<h3 class=\"restore-pointer-events\" data-bind=\" style: $root.getSnippetStyle ? $root.getSnippetStyle( $parent ) : $parent.getStyle(), fontsize: ( $root.getSnippetStyle ? $root.getSnippetStyle( $parent ) : $parent.getStyle() ).fontSize, css: $parent.fixBtnCss(ko.unwrap($data.css)), template: { name: 'template-variants', data: { snippet: $parent, formattingElements: $parent.formattingElements() } }, textfill: false &amp;&amp; $root.window.visiblePhone()\"><span data-bind=\"text: ko.unwrap( snippet.data.contenido )\">Pol\u00edticas de contrataci\u00f3n<br \/>\n<\/span><\/h3>\n\r\n\t\t\t<\/div>\r\n\t\t\t<style>@media screen and (max-width: 1023px) {.thegem-vc-text.thegem-custom-69f12d6d1bb239828{display: block!important;}}@media screen and (max-width: 767px) {.thegem-vc-text.thegem-custom-69f12d6d1bb239828{display: block!important;}}@media screen and (max-width: 1023px) {.thegem-vc-text.thegem-custom-69f12d6d1bb239828{position: relative !important;}}@media screen and (max-width: 767px) {.thegem-vc-text.thegem-custom-69f12d6d1bb239828{position: relative !important;}}<\/style>\r\n\t\t<\/div>\r\n\t\r\n<\/div><\/div><\/div><div class=\"wpb_column vc_column_container vc_col-sm-9 thegem-custom-69f12d6d1bcb15575\"><div class=\"vc_column-inner thegem-custom-inner-69f12d6d1bcb2\"><div class=\"wpb_wrapper thegem-custom-69f12d6d1bcb15575\"><div class=\"vc_tta-container\" data-vc-action=\"collapseAll\"><div class=\"vc_general vc_tta vc_tta-accordion vc_tta-color-chino vc_tta-style-simple_solid vc_tta-shape-square vc_tta-spacing-5 vc_tta-controls-align-default vc_tta-o-all-clickable\" ><div class=\"vc_tta-panels-container\"><div class=\"vc_tta-panels\"><div class=\"vc_tta-panel\" id=\"1594687410108-8c7af1d9-1e62\" data-vc-content=\".vc_tta-panel-body\"><div class=\"vc_tta-panel-heading\"><h4 class=\"vc_tta-panel-title vc_tta-controls-icon-position-left\"><a href=\"#1594687410108-8c7af1d9-1e62\" data-vc-accordion data-vc-container=\".vc_tta-container\"><span class=\"vc_tta-title-text\">PAGOS, DEVOLUCI\u00d3N, AUSENCIA<\/span><i class=\"vc_tta-controls-icon vc_tta-controls-icon-solid_squared\"><\/i><\/a><\/h4><\/div><div class=\"vc_tta-panel-body\">\r\n\t\r\n\t\t<div class=\"wpb_text_column wpb_content_element  thegem-vc-text thegem-custom-69f12d6d796da1906\"  >\r\n\t\t\t<div class=\"wpb_wrapper\">\r\n\t\t\t\t<h5>PAGOS<\/h5>\n<p>Los pagos se realizar\u00e1n bajo los siguientes medios: efectivo, transferencia bancaria, cheques certificados, asimismo se le entregar\u00e1 una factura electr\u00f3nica con los valores correspondientes del taller o curso v\u00eda mail.<\/p>\n<h5>DEVOLUCIONES Y EXCEPCIONES<\/h5>\n<p><span data-bind=\"text: ko.unwrap( snippet.data.contenido )\">En caso de error en la contrataci\u00f3n, \u00e9sta debe reportarse con un m\u00e1ximo de 3 d\u00edas antes del curso v\u00eda mail a: <a href=\"mailto:info@xavierquimi.com\">info@xavierquimi.com<\/a>, y podr\u00e1 elegirse alg\u00fan otro producto o servicio en sustituci\u00f3n. <\/span><\/p>\n<p><span data-bind=\"text: ko.unwrap( snippet.data.contenido )\">No se considerar\u00e1 reportada, si el aviso se hace v\u00eda telef\u00f3nica, ni personal, el \u00fanico medio autorizado para este reporte es v\u00eda correo electr\u00f3nico.<\/span><\/p>\n<h5>AUSENCIA<\/h5>\n<p><span data-bind=\"text: ko.unwrap( snippet.data.contenido )\">En el caso de que se haya contratado un taller o curso en l\u00ednea,\u00a0 o v\u00eda videoconferencia en tiempo real y el contratante no hubiera podido asistir, por motivos de fuerza mayor, le ser\u00e1 enviado un acceso v\u00eda electr\u00f3nica y podr\u00e1 tomarlo pregrabado.<br \/>\n<\/span><\/p>\n\r\n\t\t\t<\/div>\r\n\t\t\t<style>@media screen and (max-width: 1023px) {.thegem-vc-text.thegem-custom-69f12d6d796da1906{display: block!important;}}@media screen and (max-width: 767px) {.thegem-vc-text.thegem-custom-69f12d6d796da1906{display: block!important;}}@media screen and (max-width: 1023px) {.thegem-vc-text.thegem-custom-69f12d6d796da1906{position: relative !important;}}@media screen and (max-width: 767px) {.thegem-vc-text.thegem-custom-69f12d6d796da1906{position: relative !important;}}<\/style>\r\n\t\t<\/div>\r\n\t\r\n<\/div><\/div><div class=\"vc_tta-panel\" id=\"1594687410110-7a9b3cb0-24c4\" data-vc-content=\".vc_tta-panel-body\"><div class=\"vc_tta-panel-heading\"><h4 class=\"vc_tta-panel-title vc_tta-controls-icon-position-left\"><a href=\"#1594687410110-7a9b3cb0-24c4\" data-vc-accordion data-vc-container=\".vc_tta-container\"><span class=\"vc_tta-title-text\">ACUERDOS, ASESOR\u00cdAS<\/span><i class=\"vc_tta-controls-icon vc_tta-controls-icon-solid_squared\"><\/i><\/a><\/h4><\/div><div class=\"vc_tta-panel-body\">\r\n\t\r\n\t\t<div class=\"wpb_text_column wpb_content_element  thegem-vc-text thegem-custom-69f12d6d7997a4805\"  >\r\n\t\t\t<div class=\"wpb_wrapper\">\r\n\t\t\t\t<h5>ACUERDOS<\/h5>\n<p><span data-bind=\"text: ko.unwrap( snippet.data.contenido )\">Se considerar\u00e1 que el contratante est\u00e1 de acuerdo con estas pol\u00edticas cuando realice el pago total de los productos o servicios elegidos y efect\u00fae el pago del mismo. Por otro lado, debe respetar las fechas y condiciones pactadas.<\/span><\/p>\n<p><span data-bind=\"text: ko.unwrap( snippet.data.contenido )\">Tambi\u00e9n se considera que el contratante est\u00e1 de acuerdo con estas pol\u00edticas cuando habiendo solicitado un taller privado o curso especial, y una vez acordadas t\u00e9rminos y condiciones, el contratante efect\u00fae el pago de lo pactado.<\/span><\/p>\n<h5>ASESOR\u00cdAS<\/h5>\n<p><span data-bind=\"text: ko.unwrap( snippet.data.contenido )\">La asesor\u00eda es un servicio individual y exclusivo para quien lo solicite, su costo depende de las horas que determine el cliente que las necesite.<br \/>\n<\/span><\/p>\n<p><span data-bind=\"text: ko.unwrap( snippet.data.contenido )\">Las consultas ser\u00e1n respondidas exclusivamente si el participante env\u00eda copia de la factura y comprobante de pagos respectivos, o en su caso del documento que demuestre que hizo el pago total.<\/span><\/p>\n\r\n\t\t\t<\/div>\r\n\t\t\t<style>@media screen and (max-width: 1023px) {.thegem-vc-text.thegem-custom-69f12d6d7997a4805{display: block!important;}}@media screen and (max-width: 767px) {.thegem-vc-text.thegem-custom-69f12d6d7997a4805{display: block!important;}}@media screen and (max-width: 1023px) {.thegem-vc-text.thegem-custom-69f12d6d7997a4805{position: relative !important;}}@media screen and (max-width: 767px) {.thegem-vc-text.thegem-custom-69f12d6d7997a4805{position: relative !important;}}<\/style>\r\n\t\t<\/div>\r\n\t\r\n<\/div><\/div><\/div><\/div><\/div><\/div><\/div><\/div><\/div><\/div><\/div><\/div><\/div><\/div><div class=\"vc_row-full-width-before\"><\/div><div id=\"vc_row-69f12d6d79e1b\" data-vc-full-width=\"true\" data-vc-full-width-init=\"false\" data-vc-stretch-content=\"true\" class=\"vc_row wpb_row vc_row-fluid thegem-custom-69f12d6d79e0f3445 vc_row-no-padding\"><script type=\"text\/javascript\">if (typeof(gem_fix_fullwidth_position) == \"function\") { gem_fix_fullwidth_position(document.getElementById(\"vc_row-69f12d6d79e1b\")); }<\/script><div class=\"wpb_column vc_column_container vc_col-sm-12 thegem-custom-69f12d6d79ffb9466\" ><div class=\"vc_column-inner thegem-custom-inner-69f12d6d79ffc\"><div class=\"wpb_wrapper thegem-custom-69f12d6d79ffb9466\"><div class=\"gem-textbox\"  ><div class=\"gem-textbox-top gem-textbox-top-ticket\"><svg width=\"100%\" height=\"14\" style=\"fill: #d7e9f2;\"><defs><pattern id=\"pattern-1777413485-72\" x=\"16\" y=\"0\" width=\"32\" height=\"16\" patternunits=\"userSpaceOnUse\" ><path d=\"M 0,14.5 16,-0.5 32,14.5\" \/><\/pattern><\/defs><rect x=\"0\" y=\"0\" width=\"100%\" height=\"14\" style=\"fill: url(#pattern-1777413485-72);\" \/><\/svg><\/div><div class=\"gem-textbox-inner\" style=\"\"><div class=\"gem-textbox-content\" style=\"background-color: #d7e9f2;background-repeat: no-repeat; background-size: contain;background-position: center center;\"><div class=\"gem-alert-box centered-box\"><div class=\"gem-alert-inner\"><div class=\"gem-alert-box-content\">\r\n\t\r\n\t<div  class=\"wpb_single_image wpb_content_element vc_align_center\" >\r\n\t\t\r\n\t\t<figure class=\"wpb_wrapper vc_figure\">\r\n\t\t\t<div class=\"vc_single_image-wrapper   vc_box_border_grey\"><\/div>\r\n\t\t<\/figure>\r\n\t<\/div>\r\n\t\r\n\r\n\t\r\n\t\t<div class=\"wpb_text_column wpb_content_element  thegem-vc-text thegem-custom-69f12d6d7a6cc8214\"  >\r\n\t\t\t<div class=\"wpb_wrapper\">\r\n\t\t\t\t<p>Tienes alguna consulta, o sugerencia, con gusto atender\u00e9 inmediatamente tu solicitud.<\/p>\n\r\n\t\t\t<\/div>\r\n\t\t\t<style>@media screen and (max-width: 1023px) {.thegem-vc-text.thegem-custom-69f12d6d7a6cc8214{display: block!important;}}@media screen and (max-width: 767px) {.thegem-vc-text.thegem-custom-69f12d6d7a6cc8214{display: block!important;}}@media screen and (max-width: 1023px) {.thegem-vc-text.thegem-custom-69f12d6d7a6cc8214{position: relative !important;}}@media screen and (max-width: 767px) {.thegem-vc-text.thegem-custom-69f12d6d7a6cc8214{position: relative !important;}}<\/style>\r\n\t\t<\/div>\r\n\t\r\n<\/div><div class=\"gem-alert-box-buttons\"><div class=\"gem-button-container gem-button-position-inline thegem-button-69f12d6d7a1031863\"  ><a class=\"gem-button gem-button-size-medium gem-button-style-flat gem-button-text-weight-thin gem-button-icon-position-right\" data-ll-effect=\"drop-right-without-wrap\" style=\"border-radius: 3px;\" onmouseleave=\"\" onmouseenter=\"\" href=\"#ppsShowPopUp_102\" target=\"_self\">CONTACTAR<i class=\"gem-print-icon gem-icon-pack-material\">&#xf35b;<\/i><\/a><\/div> <\/div><\/div><\/div><\/div><\/div><div class=\"gem-textbox-bottom gem-textbox-bottom-sentence\"><svg width=\"100\" height=\"50\" style=\"fill: #d7e9f2;\"><path d=\"M 0,-1 Q 45,5 50,50 Q 55,5 100,-1\" \/><\/svg><\/div><\/div><\/div><\/div><\/div><\/div><div class=\"vc_row-full-width vc_clearfix\"><\/div>\n<\/div>","protected":false},"excerpt":{"rendered":"","protected":false},"author":1,"featured_media":0,"parent":0,"menu_order":0,"comment_status":"closed","ping_status":"closed","template":"","meta":{"footnotes":""},"class_list":["post-30600","page","type-page","status-publish"],"yoast_head":"<!-- This site is optimized with the Yoast SEO Premium plugin v18.4 (Yoast SEO v27.4) - https:\/\/yoast.com\/product\/yoast-seo-premium-wordpress\/ -->\n<title>politica-contratacion-taller | Xavier Quim\u00ed<\/title>\n<meta name=\"robots\" content=\"index, follow, max-snippet:-1, max-image-preview:large, max-video-preview:-1\" \/>\n<link rel=\"canonical\" href=\"https:\/\/xavierquimi.com\/en\/politica-contratacion-taller\/\" \/>\n<meta property=\"og:locale\" content=\"en_US\" \/>\n<meta property=\"og:type\" content=\"article\" \/>\n<meta property=\"og:title\" content=\"politica-contratacion-taller\" \/>\n<meta property=\"og:url\" content=\"https:\/\/xavierquimi.com\/en\/politica-contratacion-taller\/\" \/>\n<meta property=\"og:site_name\" content=\"Xavier Quim\u00ed\" \/>\n<meta property=\"article:publisher\" content=\"https:\/\/www.facebook.com\/xavierquimic\" \/>\n<meta property=\"article:modified_time\" content=\"2022-08-30T21:33:59+00:00\" \/>\n<meta name=\"twitter:card\" content=\"summary_large_image\" \/>\n<meta name=\"twitter:site\" content=\"@sxquimi\" \/>\n<meta name=\"twitter:label1\" content=\"Est. reading time\" \/>\n\t<meta name=\"twitter:data1\" content=\"3 minutes\" \/>\n<script type=\"application\/ld+json\" class=\"yoast-schema-graph\">{\"@context\":\"https:\\\/\\\/schema.org\",\"@graph\":[{\"@type\":\"WebPage\",\"@id\":\"https:\\\/\\\/xavierquimi.com\\\/politica-contratacion-taller\\\/\",\"url\":\"https:\\\/\\\/xavierquimi.com\\\/politica-contratacion-taller\\\/\",\"name\":\"politica-contratacion-taller | Xavier Quim\u00ed\",\"isPartOf\":{\"@id\":\"https:\\\/\\\/xavierquimi.com\\\/#website\"},\"datePublished\":\"2020-11-29T00:07:03+00:00\",\"dateModified\":\"2022-08-30T21:33:59+00:00\",\"breadcrumb\":{\"@id\":\"https:\\\/\\\/xavierquimi.com\\\/politica-contratacion-taller\\\/#breadcrumb\"},\"inLanguage\":\"en-US\",\"potentialAction\":[{\"@type\":\"ReadAction\",\"target\":[\"https:\\\/\\\/xavierquimi.com\\\/politica-contratacion-taller\\\/\"]}]},{\"@type\":\"BreadcrumbList\",\"@id\":\"https:\\\/\\\/xavierquimi.com\\\/politica-contratacion-taller\\\/#breadcrumb\",\"itemListElement\":[{\"@type\":\"ListItem\",\"position\":1,\"name\":\"Portada\",\"item\":\"https:\\\/\\\/xavierquimi.com\\\/\"},{\"@type\":\"ListItem\",\"position\":2,\"name\":\"politica-contratacion-taller\"}]},{\"@type\":\"WebSite\",\"@id\":\"https:\\\/\\\/xavierquimi.com\\\/#website\",\"url\":\"https:\\\/\\\/xavierquimi.com\\\/\",\"name\":\"Xavier Quim\u00ed\",\"description\":\"Estrategias para Negocios Online.\",\"publisher\":{\"@id\":\"https:\\\/\\\/xavierquimi.com\\\/#\\\/schema\\\/person\\\/1b1d557cb0e54d87de2102227fbe83ff\"},\"potentialAction\":[{\"@type\":\"SearchAction\",\"target\":{\"@type\":\"EntryPoint\",\"urlTemplate\":\"https:\\\/\\\/xavierquimi.com\\\/?s={search_term_string}\"},\"query-input\":{\"@type\":\"PropertyValueSpecification\",\"valueRequired\":true,\"valueName\":\"search_term_string\"}}],\"inLanguage\":\"en-US\"},{\"@type\":[\"Person\",\"Organization\"],\"@id\":\"https:\\\/\\\/xavierquimi.com\\\/#\\\/schema\\\/person\\\/1b1d557cb0e54d87de2102227fbe83ff\",\"name\":\"Xavier Quim\u00ed Ca\u00f1arte\",\"image\":{\"@type\":\"ImageObject\",\"inLanguage\":\"en-US\",\"@id\":\"https:\\\/\\\/xavierquimi.com\\\/wp-content\\\/uploads\\\/2020\\\/12\\\/xavierquimi-200px.jpg\",\"url\":\"https:\\\/\\\/xavierquimi.com\\\/wp-content\\\/uploads\\\/2020\\\/12\\\/xavierquimi-200px.jpg\",\"contentUrl\":\"https:\\\/\\\/xavierquimi.com\\\/wp-content\\\/uploads\\\/2020\\\/12\\\/xavierquimi-200px.jpg\",\"width\":200,\"height\":229,\"caption\":\"Xavier Quim\u00ed Ca\u00f1arte\"},\"logo\":{\"@id\":\"https:\\\/\\\/xavierquimi.com\\\/wp-content\\\/uploads\\\/2020\\\/12\\\/xavierquimi-200px.jpg\"},\"description\":\"Dise\u00f1o sistemas de crecimiento donde experiencia, datos y automatizaci\u00f3n se convierten en decisiones claras y resultados medibles. Si este art\u00edculo te hizo replantear c\u00f3mo est\u00e1s dise\u00f1ando tus experiencias, conversemos.\",\"sameAs\":[\"https:\\\/\\\/xavierquimi.com\",\"https:\\\/\\\/www.facebook.com\\\/xavierquimic\",\"https:\\\/\\\/www.linkedin.com\\\/in\\\/xavierquimi\\\/\",\"https:\\\/\\\/x.com\\\/@sxquimi\"]}]}<\/script>\n<!-- \/ Yoast SEO Premium plugin. -->","yoast_head_json":{"title":"politica-contratacion-taller | Xavier Quim\u00ed","robots":{"index":"index","follow":"follow","max-snippet":"max-snippet:-1","max-image-preview":"max-image-preview:large","max-video-preview":"max-video-preview:-1"},"canonical":"https:\/\/xavierquimi.com\/en\/politica-contratacion-taller\/","og_locale":"en_US","og_type":"article","og_title":"politica-contratacion-taller","og_url":"https:\/\/xavierquimi.com\/en\/politica-contratacion-taller\/","og_site_name":"Xavier Quim\u00ed","article_publisher":"https:\/\/www.facebook.com\/xavierquimic","article_modified_time":"2022-08-30T21:33:59+00:00","twitter_card":"summary_large_image","twitter_site":"@sxquimi","twitter_misc":{"Est. reading time":"3 minutes"},"schema":{"@context":"https:\/\/schema.org","@graph":[{"@type":"WebPage","@id":"https:\/\/xavierquimi.com\/politica-contratacion-taller\/","url":"https:\/\/xavierquimi.com\/politica-contratacion-taller\/","name":"politica-contratacion-taller | Xavier Quim\u00ed","isPartOf":{"@id":"https:\/\/xavierquimi.com\/#website"},"datePublished":"2020-11-29T00:07:03+00:00","dateModified":"2022-08-30T21:33:59+00:00","breadcrumb":{"@id":"https:\/\/xavierquimi.com\/politica-contratacion-taller\/#breadcrumb"},"inLanguage":"en-US","potentialAction":[{"@type":"ReadAction","target":["https:\/\/xavierquimi.com\/politica-contratacion-taller\/"]}]},{"@type":"BreadcrumbList","@id":"https:\/\/xavierquimi.com\/politica-contratacion-taller\/#breadcrumb","itemListElement":[{"@type":"ListItem","position":1,"name":"Portada","item":"https:\/\/xavierquimi.com\/"},{"@type":"ListItem","position":2,"name":"politica-contratacion-taller"}]},{"@type":"WebSite","@id":"https:\/\/xavierquimi.com\/#website","url":"https:\/\/xavierquimi.com\/","name":"Xavier Quim\u00ed","description":"Estrategias para Negocios Online.","publisher":{"@id":"https:\/\/xavierquimi.com\/#\/schema\/person\/1b1d557cb0e54d87de2102227fbe83ff"},"potentialAction":[{"@type":"SearchAction","target":{"@type":"EntryPoint","urlTemplate":"https:\/\/xavierquimi.com\/?s={search_term_string}"},"query-input":{"@type":"PropertyValueSpecification","valueRequired":true,"valueName":"search_term_string"}}],"inLanguage":"en-US"},{"@type":["Person","Organization"],"@id":"https:\/\/xavierquimi.com\/#\/schema\/person\/1b1d557cb0e54d87de2102227fbe83ff","name":"Xavier Quim\u00ed Ca\u00f1arte","image":{"@type":"ImageObject","inLanguage":"en-US","@id":"https:\/\/xavierquimi.com\/wp-content\/uploads\/2020\/12\/xavierquimi-200px.jpg","url":"https:\/\/xavierquimi.com\/wp-content\/uploads\/2020\/12\/xavierquimi-200px.jpg","contentUrl":"https:\/\/xavierquimi.com\/wp-content\/uploads\/2020\/12\/xavierquimi-200px.jpg","width":200,"height":229,"caption":"Xavier Quim\u00ed Ca\u00f1arte"},"logo":{"@id":"https:\/\/xavierquimi.com\/wp-content\/uploads\/2020\/12\/xavierquimi-200px.jpg"},"description":"Dise\u00f1o sistemas de crecimiento donde experiencia, datos y automatizaci\u00f3n se convierten en decisiones claras y resultados medibles. Si este art\u00edculo te hizo replantear c\u00f3mo est\u00e1s dise\u00f1ando tus experiencias, conversemos.","sameAs":["https:\/\/xavierquimi.com","https:\/\/www.facebook.com\/xavierquimic","https:\/\/www.linkedin.com\/in\/xavierquimi\/","https:\/\/x.com\/@sxquimi"]}]}},"_links":{"self":[{"href":"https:\/\/xavierquimi.com\/en\/wp-json\/wp\/v2\/pages\/30600","targetHints":{"allow":["GET"]}}],"collection":[{"href":"https:\/\/xavierquimi.com\/en\/wp-json\/wp\/v2\/pages"}],"about":[{"href":"https:\/\/xavierquimi.com\/en\/wp-json\/wp\/v2\/types\/page"}],"author":[{"embeddable":true,"href":"https:\/\/xavierquimi.com\/en\/wp-json\/wp\/v2\/users\/1"}],"replies":[{"embeddable":true,"href":"https:\/\/xavierquimi.com\/en\/wp-json\/wp\/v2\/comments?post=30600"}],"version-history":[{"count":0,"href":"https:\/\/xavierquimi.com\/en\/wp-json\/wp\/v2\/pages\/30600\/revisions"}],"wp:attachment":[{"href":"https:\/\/xavierquimi.com\/en\/wp-json\/wp\/v2\/media?parent=30600"}],"curies":[{"name":"wp","href":"https:\/\/api.w.org\/{rel}","templated":true}]}}