{"id":3,"date":"2020-11-10T23:14:19","date_gmt":"2020-11-10T23:14:19","guid":{"rendered":"https:\/\/xavierquimi.com\/?page_id=3"},"modified":"2022-02-24T19:38:37","modified_gmt":"2022-02-25T00:38:37","slug":"politica-privacidad","status":"publish","type":"page","link":"https:\/\/xavierquimi.com\/en\/politica-privacidad\/","title":{"rendered":"Pol\u00edtica de Privacidad"},"content":{"rendered":"<div class=\"wpb-content-wrapper\"><div id=\"vc_row-6a059f5aa5710\" class=\"vc_row wpb_row vc_row-fluid thegem-custom-6a059f5aa57023566\"><div class=\"wpb_column vc_column_container vc_col-sm-3 thegem-custom-6a059f5aa59017592\" ><div class=\"vc_column-inner thegem-custom-inner-6a059f5aa5902\"><div class=\"wpb_wrapper thegem-custom-6a059f5aa59017592\">\r\n\t\r\n\t\t<div class=\"wpb_text_column wpb_content_element  thegem-vc-text thegem-custom-6a059f5aa5a833760\"  >\r\n\t\t\t<div class=\"wpb_wrapper\">\r\n\t\t\t\t<h4><span style=\"color: #00b1f2;\">Pol\u00edticas<\/span><\/h4>\n<h3 class=\"restore-pointer-events\" data-bind=\" style: $root.getSnippetStyle ? $root.getSnippetStyle( $parent ) : $parent.getStyle(), fontsize: ( $root.getSnippetStyle ? $root.getSnippetStyle( $parent ) : $parent.getStyle() ).fontSize, css: $parent.fixBtnCss(ko.unwrap($data.css)), template: { name: 'template-variants', data: { snippet: $parent, formattingElements: $parent.formattingElements() } }, textfill: false &amp;&amp; $root.window.visiblePhone()\"><span data-bind=\"text: ko.unwrap( snippet.data.contenido )\">Privacidad, Cookies, Seguridad<br \/><\/span><\/h3>\n\r\n\t\t\t<\/div>\r\n\t\t\t<style>@media screen and (max-width: 1023px) {.thegem-vc-text.thegem-custom-6a059f5aa5a833760{display: block!important;}}@media screen and (max-width: 767px) {.thegem-vc-text.thegem-custom-6a059f5aa5a833760{display: block!important;}}@media screen and (max-width: 1023px) {.thegem-vc-text.thegem-custom-6a059f5aa5a833760{position: relative !important;}}@media screen and (max-width: 767px) {.thegem-vc-text.thegem-custom-6a059f5aa5a833760{position: relative !important;}}<\/style>\r\n\t\t<\/div>\r\n\t\r\n<\/div><\/div><\/div><div class=\"wpb_column vc_column_container vc_col-sm-9 thegem-custom-6a059f5aa5cc32925\" ><div class=\"vc_column-inner thegem-custom-inner-6a059f5aa5cc4\"><div class=\"wpb_wrapper thegem-custom-6a059f5aa5cc32925\"><div class=\"vc_tta-container\" data-vc-action=\"collapseAll\"><div class=\"vc_general vc_tta vc_tta-accordion vc_tta-color-chino vc_tta-style-simple_solid vc_tta-shape-square vc_tta-spacing-5 vc_tta-controls-align-default vc_tta-o-all-clickable\" ><div class=\"vc_tta-panels-container\"><div class=\"vc_tta-panels\"><div class=\"vc_tta-panel\" id=\"1626049620727-51fa5100-c02a\" data-vc-content=\".vc_tta-panel-body\"><div class=\"vc_tta-panel-heading\"><h4 class=\"vc_tta-panel-title vc_tta-controls-icon-position-left\"><a href=\"#1626049620727-51fa5100-c02a\" data-vc-accordion data-vc-container=\".vc_tta-container\"><span class=\"vc_tta-title-text\">Qu\u00e9 datos personales recopilamos y por qu\u00e9 los recopilamos<\/span><i class=\"vc_tta-controls-icon vc_tta-controls-icon-solid_squared\"><\/i><\/a><\/h4><\/div><div class=\"vc_tta-panel-body\">\r\n\t\r\n\t\t<div class=\"wpb_text_column wpb_content_element  thegem-vc-text thegem-custom-6a059f5aa5fd06249\"  >\r\n\t\t\t<div class=\"wpb_wrapper\">\r\n\t\t\t\t<h2 class=\"wp-block-heading\">Quienes somos<\/h2>\n<p>La direcci\u00f3n del sitio es: https:\/\/xavierquimi.com<\/p>\n<h2 class=\"wp-block-heading\">Qu\u00e9 datos personales recopilamos y por qu\u00e9 los recopilamos<\/h2>\n<h3 class=\"wp-block-heading\">Comentarios<\/h3>\n<p>Cuando los visitantes dejan comentarios en el sitio, recopilamos los datos que se muestran en el formulario de comentarios, y tambi\u00e9n la direcci\u00f3n IP del visitante y tipo de navegador para ayudar a la detecci\u00f3n de spam.<\/p>\n<p>Se puede proporcionar una cadena an\u00f3nima creada a partir de su direcci\u00f3n de correo electr\u00f3nico (tambi\u00e9n llamada hash) al servicio Gravatar para ver si la est\u00e1 utilizando. La pol\u00edtica de privacidad del servicio Gravatar est\u00e1 disponible aqu\u00ed: https:\/\/automattic.com\/privacy\/. Despu\u00e9s de la aprobaci\u00f3n de su comentario, su foto de perfil es visible para el p\u00fablico en el contexto de su comentario<\/p>\n\r\n\t\t\t<\/div>\r\n\t\t\t<style>@media screen and (max-width: 1023px) {.thegem-vc-text.thegem-custom-6a059f5aa5fd06249{display: block!important;}}@media screen and (max-width: 767px) {.thegem-vc-text.thegem-custom-6a059f5aa5fd06249{display: block!important;}}@media screen and (max-width: 1023px) {.thegem-vc-text.thegem-custom-6a059f5aa5fd06249{position: relative !important;}}@media screen and (max-width: 767px) {.thegem-vc-text.thegem-custom-6a059f5aa5fd06249{position: relative !important;}}<\/style>\r\n\t\t<\/div>\r\n\t\r\n<\/div><\/div><div class=\"vc_tta-panel\" id=\"1626049620728-0fa45cee-2b00\" data-vc-content=\".vc_tta-panel-body\"><div class=\"vc_tta-panel-heading\"><h4 class=\"vc_tta-panel-title vc_tta-controls-icon-position-left\"><a href=\"#1626049620728-0fa45cee-2b00\" data-vc-accordion data-vc-container=\".vc_tta-container\"><span class=\"vc_tta-title-text\">Formulario de contacto<\/span><i class=\"vc_tta-controls-icon vc_tta-controls-icon-solid_squared\"><\/i><\/a><\/h4><\/div><div class=\"vc_tta-panel-body\">\r\n\t\r\n\t\t<div class=\"wpb_text_column wpb_content_element  thegem-vc-text thegem-custom-6a059f5aa615c6059\"  >\r\n\t\t\t<div class=\"wpb_wrapper\">\r\n\t\t\t\t<h3 class=\"wp-block-heading\">Formulario de Contacto<\/h3>\n<h3 class=\"wp-block-heading\">Cookies<\/h3>\n<p>Si deja un comentario en nuestro sitio, puede optar por guardar su nombre, direcci\u00f3n de correo electr\u00f3nico y sitio web en cookies. Estos son para su conveniencia para que no tenga que volver a completar sus datos cuando deje otro comentario. Estas cookies durar\u00e1n un a\u00f1o.<\/p>\n<p><!-- wp:paragraph If you visit our login page, we will set a temporary cookie to determine if your browser accepts cookies. This cookie contains no personal data and is discarded when you close your browser.\n\n\n<span style=\"display: inline-block; width: 0px; overflow: hidden; line-height: 0;\" data-mce-type=\"bookmark\" class=\"mce_SELRES_start\"><\/span>\n\n<!-- \/wp:post-content --><\/p>\n<p><!-- wp:paragraph When you log in, we will also set up several cookies to save your login information and your screen display choices. Login cookies last for two days, and screen options cookies last for a year. If you select \"Remember Me\", your login will persist for two weeks. If you log out of your account, the login cookies will be removed.\n\n<!-- \/wp:paragraph --><\/p>\n<p><!-- wp:paragraph -->Si edita o publica un art\u00edculo, se guardar\u00e1 una cookie adicional en su navegador. Esta cookie no incluye datos personales y simplemente indica el ID de publicaci\u00f3n del art\u00edculo que acaba de editar. Caduca despu\u00e9s de 1 d\u00eda.<\/p>\n<p><!-- \/wp:paragraph --><br \/>\n<!-- wp:heading {\"level\":3} --><\/p>\n<h3>Contenido incrustado de otros sitios web<\/h3>\n<p><!-- \/wp:heading --><\/p>\n<p><!-- wp:paragraph -->Los art\u00edculos de este sitio pueden incluir contenido incrustado (por ejemplo, videos, im\u00e1genes, art\u00edculos, etc.). El contenido incrustado de otros sitios web se comporta exactamente de la misma manera que si el visitante hubiera visitado el otro sitio web.<\/p>\n<p><!-- \/wp:paragraph --><\/p>\n<p><!-- wp:paragraph -->Estos sitios web pueden recopilar datos sobre usted, usar cookies, incrustar un seguimiento adicional de terceros y monitorear su interacci\u00f3n con ese contenido incrustado, incluido el seguimiento de su interacci\u00f3n con el contenido incrustado si tiene una cuenta y ha iniciado sesi\u00f3n en ese sitio web.<\/p>\n<p><!-- \/wp:paragraph --><\/p>\n\r\n\t\t\t<\/div>\r\n\t\t\t<style>@media screen and (max-width: 1023px) {.thegem-vc-text.thegem-custom-6a059f5aa615c6059{display: block!important;}}@media screen and (max-width: 767px) {.thegem-vc-text.thegem-custom-6a059f5aa615c6059{display: block!important;}}@media screen and (max-width: 1023px) {.thegem-vc-text.thegem-custom-6a059f5aa615c6059{position: relative !important;}}@media screen and (max-width: 767px) {.thegem-vc-text.thegem-custom-6a059f5aa615c6059{position: relative !important;}}<\/style>\r\n\t\t<\/div>\r\n\t\r\n<\/div><\/div><div class=\"vc_tta-panel\" id=\"1626050099701-8e72556a-694d\" data-vc-content=\".vc_tta-panel-body\"><div class=\"vc_tta-panel-heading\"><h4 class=\"vc_tta-panel-title vc_tta-controls-icon-position-left\"><a href=\"#1626050099701-8e72556a-694d\" data-vc-accordion data-vc-container=\".vc_tta-container\"><span class=\"vc_tta-title-text\">Anal\u00edtica<\/span><i class=\"vc_tta-controls-icon vc_tta-controls-icon-solid_squared\"><\/i><\/a><\/h4><\/div><div class=\"vc_tta-panel-body\">\r\n\t\r\n\t\t<div class=\"wpb_text_column wpb_content_element  thegem-vc-text thegem-custom-6a059f5aa63672584\"  >\r\n\t\t\t<div class=\"wpb_wrapper\">\r\n\t\t\t\t<p><!-- wp:heading {\"level\":3} --><\/p>\n<h3>Anal\u00edtica<\/h3>\n<p><!-- \/wp:heading --><br \/>\n<!-- wp:heading --><\/p>\n<h2>Con qui\u00e9n compartimos sus datos<\/h2>\n<p><!-- \/wp:heading --><br \/>\n<!-- wp:heading --><\/p>\n<h2>Cu\u00e1nto tiempo conservamos sus datos<\/h2>\n<p><!-- \/wp:heading --><\/p>\n<p><!-- wp:paragraph -->Si deja un comentario, el comentario y sus metadatos se conservan indefinidamente. Esto es para que podamos reconocer y aprobar cualquier comentario de seguimiento autom\u00e1ticamente en lugar de mantenerlos en una cola de moderaci\u00f3n.<\/p>\n<p><!-- \/wp:paragraph --><\/p>\n<p><!-- wp:paragraph For users that register on our website (if any), we also store the personal information they provide in their user profile. All users can see, edit, or delete their personal information at any time (except they cannot change their username). Website administrators can also see and edit that information.\n\n<!-- \/wp:paragraph --><br \/>\n<!-- wp:heading --><\/p>\n<h2>Que derechos tienes sobre tus datos<\/h2>\n<p><!-- \/wp:heading --><\/p>\n<p><!-- wp:paragraph -->Si tiene una cuenta en este sitio o ha dejado comentarios, puede solicitar recibir un archivo exportado de los datos personales que tenemos sobre usted, incluidos los datos que nos haya proporcionado. Tambi\u00e9n puede solicitar que borremos cualquier dato personal que tengamos sobre usted. Esto no incluye ning\u00fan dato que estemos obligados a conservar con fines administrativos, legales o de seguridad.<\/p>\n<p><!-- \/wp:paragraph --><br \/>\n<!-- wp:heading --><\/p>\n<h2>A donde enviamos sus datos<\/h2>\n<p><!-- \/wp:heading --><\/p>\n<p><!-- wp:paragraph -->Los comentarios de los visitantes pueden verificarse a trav\u00e9s de un servicio de detecci\u00f3n autom\u00e1tica de spam.<\/p>\n<p><!-- \/wp:paragraph --><\/p>\n\r\n\t\t\t<\/div>\r\n\t\t\t<style>@media screen and (max-width: 1023px) {.thegem-vc-text.thegem-custom-6a059f5aa63672584{display: block!important;}}@media screen and (max-width: 767px) {.thegem-vc-text.thegem-custom-6a059f5aa63672584{display: block!important;}}@media screen and (max-width: 1023px) {.thegem-vc-text.thegem-custom-6a059f5aa63672584{position: relative !important;}}@media screen and (max-width: 767px) {.thegem-vc-text.thegem-custom-6a059f5aa63672584{position: relative !important;}}<\/style>\r\n\t\t<\/div>\r\n\t\r\n<\/div><\/div><\/div><\/div><\/div><\/div><\/div><\/div><\/div><\/div><div id=\"vc_row-6a059f5aa6712\" class=\"vc_row wpb_row vc_row-fluid thegem-custom-6a059f5aa670c4703\"><div class=\"wpb_column vc_column_container vc_col-sm-12 thegem-custom-6a059f5aa68983466\" ><div class=\"vc_column-inner thegem-custom-inner-6a059f5aa6899\"><div class=\"wpb_wrapper thegem-custom-6a059f5aa68983466\">\r\n\t\r\n\t\t<div class=\"wpb_text_column wpb_content_element  thegem-vc-text thegem-custom-6a059f5aa69531873\"  >\r\n\t\t\t<div class=\"wpb_wrapper\">\r\n\t\t\t\t<p><!-- wp:heading --><\/p>\n<h2>Pong\u00e1se en contacto<\/h2>\n<p>Si en cualquier momento desea ponerse en contacto con el propietario para comentar cualquier aspecto relacionado con la pol\u00edtica de privacidad descrita anteriormente.<\/p>\n<p>O considera que alguno de los apartados anteriores no se cumple de modo adecuado.<\/p>\n<p>No dude en ponerse en contacto con el propietario empleando la funci\u00f3n espec\u00edfica existente en la p\u00e1gina principal de este sitio web o mediante el env\u00edo de un correo electr\u00f3nico a la direcci\u00f3n: info@xavierquimi.com.<\/p>\n<p><!-- wp:heading\n\n\n\n<h2>Additional information<\/h2>\n\n\n<!-- \/wp:heading --><\/p>\n<p><!-- wp:heading {\"level\":3}\n\n\n\n<h3>How we protect your data<\/h3>\n\n\n<!-- \/wp:heading --><\/p>\n<p><!-- wp:heading {\"level\":3}\n\n\n\n<h3>What data breach procedures we have in place<\/h3>\n\n\n<!-- \/wp:heading --><\/p>\n<p><!-- wp:heading {\"level\":3}\n\n\n\n<h3>What third parties we receive data from<\/h3>\n\n\n<!-- \/wp:heading --><\/p>\n<p><!-- wp:heading {\"level\":3}\n\n\n\n<h3>What automated decision making and\/or profiling we do with user data<\/h3>\n\n\n<!-- \/wp:heading --><\/p>\n<p><!-- wp:heading {\"level\":3}\n\n\n\n<h3>Industry regulatory disclosure requirements<\/h3>\n\n\n<!-- \/wp:heading --><\/p>\n<p>&nbsp;<\/p>\n\r\n\t\t\t<\/div>\r\n\t\t\t<style>@media screen and (max-width: 1023px) {.thegem-vc-text.thegem-custom-6a059f5aa69531873{display: block!important;}}@media screen and (max-width: 767px) {.thegem-vc-text.thegem-custom-6a059f5aa69531873{display: block!important;}}@media screen and (max-width: 1023px) {.thegem-vc-text.thegem-custom-6a059f5aa69531873{position: relative !important;}}@media screen and (max-width: 767px) {.thegem-vc-text.thegem-custom-6a059f5aa69531873{position: relative !important;}}<\/style>\r\n\t\t<\/div>\r\n\t\r\n<\/div><\/div><\/div><\/div>\r\n<\/div>","protected":false},"excerpt":{"rendered":"","protected":false},"author":1,"featured_media":0,"parent":0,"menu_order":0,"comment_status":"closed","ping_status":"open","template":"","meta":{"footnotes":""},"class_list":["post-3","page","type-page","status-publish"],"yoast_head":"<!-- This site is optimized with the Yoast SEO Premium plugin v18.4 (Yoast SEO v27.4) - https:\/\/yoast.com\/product\/yoast-seo-premium-wordpress\/ -->\n<title>Pol\u00edtica de Privacidad | Xavier Quim\u00ed<\/title>\n<meta name=\"robots\" content=\"index, follow, max-snippet:-1, max-image-preview:large, max-video-preview:-1\" \/>\n<link rel=\"canonical\" href=\"https:\/\/xavierquimi.com\/en\/politica-privacidad\/\" \/>\n<meta property=\"og:locale\" content=\"en_US\" \/>\n<meta property=\"og:type\" content=\"article\" \/>\n<meta property=\"og:title\" content=\"Pol\u00edtica de Privacidad\" \/>\n<meta property=\"og:url\" content=\"https:\/\/xavierquimi.com\/en\/politica-privacidad\/\" \/>\n<meta property=\"og:site_name\" content=\"Xavier Quim\u00ed\" \/>\n<meta property=\"article:publisher\" content=\"https:\/\/www.facebook.com\/xavierquimic\" \/>\n<meta property=\"article:modified_time\" content=\"2022-02-25T00:38:37+00:00\" \/>\n<meta name=\"twitter:card\" content=\"summary_large_image\" \/>\n<meta name=\"twitter:site\" content=\"@sxquimi\" \/>\n<meta name=\"twitter:label1\" content=\"Est. reading time\" \/>\n\t<meta name=\"twitter:data1\" content=\"3 minutes\" \/>\n<script type=\"application\/ld+json\" class=\"yoast-schema-graph\">{\"@context\":\"https:\\\/\\\/schema.org\",\"@graph\":[{\"@type\":\"WebPage\",\"@id\":\"https:\\\/\\\/xavierquimi.com\\\/politica-privacidad\\\/\",\"url\":\"https:\\\/\\\/xavierquimi.com\\\/politica-privacidad\\\/\",\"name\":\"Pol\u00edtica de Privacidad | Xavier Quim\u00ed\",\"isPartOf\":{\"@id\":\"https:\\\/\\\/xavierquimi.com\\\/#website\"},\"datePublished\":\"2020-11-10T23:14:19+00:00\",\"dateModified\":\"2022-02-25T00:38:37+00:00\",\"breadcrumb\":{\"@id\":\"https:\\\/\\\/xavierquimi.com\\\/politica-privacidad\\\/#breadcrumb\"},\"inLanguage\":\"en-US\",\"potentialAction\":[{\"@type\":\"ReadAction\",\"target\":[\"https:\\\/\\\/xavierquimi.com\\\/politica-privacidad\\\/\"]}]},{\"@type\":\"BreadcrumbList\",\"@id\":\"https:\\\/\\\/xavierquimi.com\\\/politica-privacidad\\\/#breadcrumb\",\"itemListElement\":[{\"@type\":\"ListItem\",\"position\":1,\"name\":\"Portada\",\"item\":\"https:\\\/\\\/xavierquimi.com\\\/\"},{\"@type\":\"ListItem\",\"position\":2,\"name\":\"Pol\u00edtica de Privacidad\"}]},{\"@type\":\"WebSite\",\"@id\":\"https:\\\/\\\/xavierquimi.com\\\/#website\",\"url\":\"https:\\\/\\\/xavierquimi.com\\\/\",\"name\":\"Xavier Quim\u00ed\",\"description\":\"Estrategias para Negocios Online.\",\"publisher\":{\"@id\":\"https:\\\/\\\/xavierquimi.com\\\/#\\\/schema\\\/person\\\/1b1d557cb0e54d87de2102227fbe83ff\"},\"potentialAction\":[{\"@type\":\"SearchAction\",\"target\":{\"@type\":\"EntryPoint\",\"urlTemplate\":\"https:\\\/\\\/xavierquimi.com\\\/?s={search_term_string}\"},\"query-input\":{\"@type\":\"PropertyValueSpecification\",\"valueRequired\":true,\"valueName\":\"search_term_string\"}}],\"inLanguage\":\"en-US\"},{\"@type\":[\"Person\",\"Organization\"],\"@id\":\"https:\\\/\\\/xavierquimi.com\\\/#\\\/schema\\\/person\\\/1b1d557cb0e54d87de2102227fbe83ff\",\"name\":\"Xavier Quim\u00ed Ca\u00f1arte\",\"image\":{\"@type\":\"ImageObject\",\"inLanguage\":\"en-US\",\"@id\":\"https:\\\/\\\/xavierquimi.com\\\/wp-content\\\/uploads\\\/2020\\\/12\\\/xavierquimi-200px.jpg\",\"url\":\"https:\\\/\\\/xavierquimi.com\\\/wp-content\\\/uploads\\\/2020\\\/12\\\/xavierquimi-200px.jpg\",\"contentUrl\":\"https:\\\/\\\/xavierquimi.com\\\/wp-content\\\/uploads\\\/2020\\\/12\\\/xavierquimi-200px.jpg\",\"width\":200,\"height\":229,\"caption\":\"Xavier Quim\u00ed Ca\u00f1arte\"},\"logo\":{\"@id\":\"https:\\\/\\\/xavierquimi.com\\\/wp-content\\\/uploads\\\/2020\\\/12\\\/xavierquimi-200px.jpg\"},\"description\":\"Dise\u00f1o sistemas de crecimiento donde experiencia, datos y automatizaci\u00f3n se convierten en decisiones claras y resultados medibles. Si este art\u00edculo te hizo replantear c\u00f3mo est\u00e1s dise\u00f1ando tus experiencias, conversemos.\",\"sameAs\":[\"https:\\\/\\\/xavierquimi.com\",\"https:\\\/\\\/www.facebook.com\\\/xavierquimic\",\"https:\\\/\\\/www.linkedin.com\\\/in\\\/xavierquimi\\\/\",\"https:\\\/\\\/x.com\\\/@sxquimi\"]}]}<\/script>\n<!-- \/ Yoast SEO Premium plugin. -->","yoast_head_json":{"title":"Pol\u00edtica de Privacidad | Xavier Quim\u00ed","robots":{"index":"index","follow":"follow","max-snippet":"max-snippet:-1","max-image-preview":"max-image-preview:large","max-video-preview":"max-video-preview:-1"},"canonical":"https:\/\/xavierquimi.com\/en\/politica-privacidad\/","og_locale":"en_US","og_type":"article","og_title":"Pol\u00edtica de Privacidad","og_url":"https:\/\/xavierquimi.com\/en\/politica-privacidad\/","og_site_name":"Xavier Quim\u00ed","article_publisher":"https:\/\/www.facebook.com\/xavierquimic","article_modified_time":"2022-02-25T00:38:37+00:00","twitter_card":"summary_large_image","twitter_site":"@sxquimi","twitter_misc":{"Est. reading time":"3 minutes"},"schema":{"@context":"https:\/\/schema.org","@graph":[{"@type":"WebPage","@id":"https:\/\/xavierquimi.com\/politica-privacidad\/","url":"https:\/\/xavierquimi.com\/politica-privacidad\/","name":"Pol\u00edtica de Privacidad | Xavier Quim\u00ed","isPartOf":{"@id":"https:\/\/xavierquimi.com\/#website"},"datePublished":"2020-11-10T23:14:19+00:00","dateModified":"2022-02-25T00:38:37+00:00","breadcrumb":{"@id":"https:\/\/xavierquimi.com\/politica-privacidad\/#breadcrumb"},"inLanguage":"en-US","potentialAction":[{"@type":"ReadAction","target":["https:\/\/xavierquimi.com\/politica-privacidad\/"]}]},{"@type":"BreadcrumbList","@id":"https:\/\/xavierquimi.com\/politica-privacidad\/#breadcrumb","itemListElement":[{"@type":"ListItem","position":1,"name":"Portada","item":"https:\/\/xavierquimi.com\/"},{"@type":"ListItem","position":2,"name":"Pol\u00edtica de Privacidad"}]},{"@type":"WebSite","@id":"https:\/\/xavierquimi.com\/#website","url":"https:\/\/xavierquimi.com\/","name":"Xavier Quim\u00ed","description":"Estrategias para Negocios Online.","publisher":{"@id":"https:\/\/xavierquimi.com\/#\/schema\/person\/1b1d557cb0e54d87de2102227fbe83ff"},"potentialAction":[{"@type":"SearchAction","target":{"@type":"EntryPoint","urlTemplate":"https:\/\/xavierquimi.com\/?s={search_term_string}"},"query-input":{"@type":"PropertyValueSpecification","valueRequired":true,"valueName":"search_term_string"}}],"inLanguage":"en-US"},{"@type":["Person","Organization"],"@id":"https:\/\/xavierquimi.com\/#\/schema\/person\/1b1d557cb0e54d87de2102227fbe83ff","name":"Xavier Quim\u00ed Ca\u00f1arte","image":{"@type":"ImageObject","inLanguage":"en-US","@id":"https:\/\/xavierquimi.com\/wp-content\/uploads\/2020\/12\/xavierquimi-200px.jpg","url":"https:\/\/xavierquimi.com\/wp-content\/uploads\/2020\/12\/xavierquimi-200px.jpg","contentUrl":"https:\/\/xavierquimi.com\/wp-content\/uploads\/2020\/12\/xavierquimi-200px.jpg","width":200,"height":229,"caption":"Xavier Quim\u00ed Ca\u00f1arte"},"logo":{"@id":"https:\/\/xavierquimi.com\/wp-content\/uploads\/2020\/12\/xavierquimi-200px.jpg"},"description":"Dise\u00f1o sistemas de crecimiento donde experiencia, datos y automatizaci\u00f3n se convierten en decisiones claras y resultados medibles. Si este art\u00edculo te hizo replantear c\u00f3mo est\u00e1s dise\u00f1ando tus experiencias, conversemos.","sameAs":["https:\/\/xavierquimi.com","https:\/\/www.facebook.com\/xavierquimic","https:\/\/www.linkedin.com\/in\/xavierquimi\/","https:\/\/x.com\/@sxquimi"]}]}},"_links":{"self":[{"href":"https:\/\/xavierquimi.com\/en\/wp-json\/wp\/v2\/pages\/3","targetHints":{"allow":["GET"]}}],"collection":[{"href":"https:\/\/xavierquimi.com\/en\/wp-json\/wp\/v2\/pages"}],"about":[{"href":"https:\/\/xavierquimi.com\/en\/wp-json\/wp\/v2\/types\/page"}],"author":[{"embeddable":true,"href":"https:\/\/xavierquimi.com\/en\/wp-json\/wp\/v2\/users\/1"}],"replies":[{"embeddable":true,"href":"https:\/\/xavierquimi.com\/en\/wp-json\/wp\/v2\/comments?post=3"}],"version-history":[{"count":0,"href":"https:\/\/xavierquimi.com\/en\/wp-json\/wp\/v2\/pages\/3\/revisions"}],"wp:attachment":[{"href":"https:\/\/xavierquimi.com\/en\/wp-json\/wp\/v2\/media?parent=3"}],"curies":[{"name":"wp","href":"https:\/\/api.w.org\/{rel}","templated":true}]}}